{"id":11790,"date":"2025-11-19T23:59:30","date_gmt":"2025-11-19T21:59:30","guid":{"rendered":"https:\/\/shop.vallin.lv\/product\/19-1u-basic-pdu-9x-ute-3m-cable\/"},"modified":"2026-03-12T13:40:40","modified_gmt":"2026-03-12T11:40:40","slug":"19-1u-basic-pdu-9x-ute-3m-cable","status":"publish","type":"product","link":"https:\/\/shop.vallin.lv\/lt\/produktas\/19-1u-basic-pdu-9x-ute-3m-cable\/","title":{"rendered":"19\"\/1U pagrindinis PDU, 9x UTE, 3m kabelis"},"content":{"rendered":"<p>Used for supply of energy and its distribution to individual IT equipment in the racks<br \/>\nPlacement in the rack: versions for horizontal (for 19\" and 10\" extrusions) and<br \/>\nvertical installation<br \/>\nOutput types: UTE, SCHUKO, UK, IEC320 C13, IEC320 C19<br \/>\n(other types possible on request)<br \/>\nMax. load: for SCHUKO\/UTE or IEC320 C19: 16 A, 250 V \u2014 for UK: 13 A, 250 V \u2014<br \/>\nfor IEC320 C13: 10 A, 250 V<br \/>\nBasic PDUs are supplied with a 3 m power cable and mounting brackets (to mount<br \/>\nthe PDU vertically, it is recommended to order a universal bracket, code DP-RP-VM-12)<\/p>\n<p>Duomen\u0173 lapas:<br \/>\n<a href=\"https:\/\/www.conteg.com\/it-and-telco\/basic-pdu\" target=\"_blank\" rel=\"noopener\">Per\u017ei\u016br\u0117ti<\/a><\/p>","protected":false},"excerpt":{"rendered":"<p>Used for supply of energy and its distribution to individual IT equipment in the racks Placement in the rack: versions<\/p>","protected":false},"featured_media":11790,"template":"","meta":[],"product_brand":[],"product_cat":[505],"product_tag":[],"class_list":{"0":"post-11790","1":"product","2":"type-product","3":"status-publish","4":"has-post-thumbnail","6":"product_cat-power-strips-and-pdus","8":"first","9":"outofstock","10":"taxable","11":"shipping-taxable","12":"purchasable","13":"product-type-simple"},"_links":{"self":[{"href":"https:\/\/shop.vallin.lv\/lt\/wp-json\/wp\/v2\/product\/11790","targetHints":{"allow":["GET"]}}],"collection":[{"href":"https:\/\/shop.vallin.lv\/lt\/wp-json\/wp\/v2\/product"}],"about":[{"href":"https:\/\/shop.vallin.lv\/lt\/wp-json\/wp\/v2\/types\/product"}],"version-history":[{"count":1,"href":"https:\/\/shop.vallin.lv\/lt\/wp-json\/wp\/v2\/product\/11790\/revisions"}],"predecessor-version":[{"id":30235,"href":"https:\/\/shop.vallin.lv\/lt\/wp-json\/wp\/v2\/product\/11790\/revisions\/30235"}],"wp:featuredmedia":[{"embeddable":true,"href":"https:\/\/shop.vallin.lv\/lt\/wp-json\/wp\/v2\/product\/11790"}],"wp:attachment":[{"href":"https:\/\/shop.vallin.lv\/lt\/wp-json\/wp\/v2\/media?parent=11790"}],"wp:term":[{"taxonomy":"product_brand","embeddable":true,"href":"https:\/\/shop.vallin.lv\/lt\/wp-json\/wp\/v2\/product_brand?post=11790"},{"taxonomy":"product_cat","embeddable":true,"href":"https:\/\/shop.vallin.lv\/lt\/wp-json\/wp\/v2\/product_cat?post=11790"},{"taxonomy":"product_tag","embeddable":true,"href":"https:\/\/shop.vallin.lv\/lt\/wp-json\/wp\/v2\/product_tag?post=11790"}],"curies":[{"name":"wp","href":"https:\/\/api.w.org\/{rel}","templated":true}]}}