{"id":11766,"date":"2025-11-19T23:58:40","date_gmt":"2025-11-19T21:58:40","guid":{"rendered":"https:\/\/shop.vallin.lv\/product\/panel-for-orn-01-with-2-pg-couplings\/"},"modified":"2026-01-22T15:11:57","modified_gmt":"2026-01-22T13:11:57","slug":"panel-for-orn-01-with-2-pg-couplings","status":"publish","type":"product","link":"https:\/\/shop.vallin.lv\/lt\/produktas\/panel-for-orn-01-with-2-pg-couplings\/","title":{"rendered":"Skydas ORN-01 su 2 PG jungtimis"},"content":{"rendered":"<p>Skydas ORN-01 su 2 PG jungtimis<\/p>\n<p>Duomen\u0173 lapas:<br \/>\n<a href=\"https:\/\/www.conteg.com\/userfiles\/accessories-it-racks-datasheet-conteg-en-b2233ea1.pdf\" target=\"_blank\" rel=\"noopener\">Per\u017ei\u016br\u0117ti<\/a><\/p>","protected":false},"excerpt":{"rendered":"<p>Panel for ORN-01 with 2 PG couplings Data Sheet: View<\/p>","protected":false},"featured_media":0,"template":"","meta":[],"product_brand":[],"product_cat":[922],"product_tag":[],"class_list":{"0":"post-11766","1":"product","2":"type-product","3":"status-publish","5":"product_cat-other-accessories","7":"first","8":"outofstock","9":"taxable","10":"shipping-taxable","11":"purchasable","12":"product-type-simple"},"_links":{"self":[{"href":"https:\/\/shop.vallin.lv\/lt\/wp-json\/wp\/v2\/product\/11766","targetHints":{"allow":["GET"]}}],"collection":[{"href":"https:\/\/shop.vallin.lv\/lt\/wp-json\/wp\/v2\/product"}],"about":[{"href":"https:\/\/shop.vallin.lv\/lt\/wp-json\/wp\/v2\/types\/product"}],"version-history":[{"count":1,"href":"https:\/\/shop.vallin.lv\/lt\/wp-json\/wp\/v2\/product\/11766\/revisions"}],"predecessor-version":[{"id":30216,"href":"https:\/\/shop.vallin.lv\/lt\/wp-json\/wp\/v2\/product\/11766\/revisions\/30216"}],"wp:attachment":[{"href":"https:\/\/shop.vallin.lv\/lt\/wp-json\/wp\/v2\/media?parent=11766"}],"wp:term":[{"taxonomy":"product_brand","embeddable":true,"href":"https:\/\/shop.vallin.lv\/lt\/wp-json\/wp\/v2\/product_brand?post=11766"},{"taxonomy":"product_cat","embeddable":true,"href":"https:\/\/shop.vallin.lv\/lt\/wp-json\/wp\/v2\/product_cat?post=11766"},{"taxonomy":"product_tag","embeddable":true,"href":"https:\/\/shop.vallin.lv\/lt\/wp-json\/wp\/v2\/product_tag?post=11766"}],"curies":[{"name":"wp","href":"https:\/\/api.w.org\/{rel}","templated":true}]}}