{"id":11748,"date":"2025-11-19T23:58:01","date_gmt":"2025-11-19T21:58:01","guid":{"rendered":"https:\/\/shop.vallin.lv\/product\/cable-entry-two-layers-of-brushes-for-opening-300x100mm\/"},"modified":"2026-03-12T13:40:53","modified_gmt":"2026-03-12T11:40:53","slug":"cable-entry-two-layers-of-brushes-for-opening-300x100mm","status":"publish","type":"product","link":"https:\/\/shop.vallin.lv\/lt\/produktas\/cable-entry-two-layers-of-brushes-for-opening-300x100mm\/","title":{"rendered":"Kabelio \u012f\u0117jimas, dviej\u0173 sluoksni\u0173 \u0161epe\u010diai, atidarymui 300x100mm"},"content":{"rendered":"<p>Kabelio \u012f\u0117jimas, dviej\u0173 sluoksni\u0173 \u0161epe\u010diai, atidarymui 300x100mm<\/p>\n<p>Duomen\u0173 lapas:<br \/>\n<a href=\"https:\/\/www.conteg.com\/userfiles\/accessories-it-racks-datasheet-conteg-en-b2233ea1.pdf\" target=\"_blank\" rel=\"noopener\">Per\u017ei\u016br\u0117ti<\/a><\/p>","protected":false},"excerpt":{"rendered":"<p>Cable entry, two layers of brushes, for opening 300x100mm Data Sheet: View<\/p>","protected":false},"featured_media":11748,"template":"","meta":[],"product_brand":[],"product_cat":[506],"product_tag":[],"class_list":{"0":"post-11748","1":"product","2":"type-product","3":"status-publish","4":"has-post-thumbnail","6":"product_cat-cable-organizers-and-systems","8":"first","9":"instock","10":"taxable","11":"shipping-taxable","12":"purchasable","13":"product-type-simple"},"_links":{"self":[{"href":"https:\/\/shop.vallin.lv\/lt\/wp-json\/wp\/v2\/product\/11748","targetHints":{"allow":["GET"]}}],"collection":[{"href":"https:\/\/shop.vallin.lv\/lt\/wp-json\/wp\/v2\/product"}],"about":[{"href":"https:\/\/shop.vallin.lv\/lt\/wp-json\/wp\/v2\/types\/product"}],"version-history":[{"count":1,"href":"https:\/\/shop.vallin.lv\/lt\/wp-json\/wp\/v2\/product\/11748\/revisions"}],"predecessor-version":[{"id":30198,"href":"https:\/\/shop.vallin.lv\/lt\/wp-json\/wp\/v2\/product\/11748\/revisions\/30198"}],"wp:featuredmedia":[{"embeddable":true,"href":"https:\/\/shop.vallin.lv\/lt\/wp-json\/wp\/v2\/product\/11748"}],"wp:attachment":[{"href":"https:\/\/shop.vallin.lv\/lt\/wp-json\/wp\/v2\/media?parent=11748"}],"wp:term":[{"taxonomy":"product_brand","embeddable":true,"href":"https:\/\/shop.vallin.lv\/lt\/wp-json\/wp\/v2\/product_brand?post=11748"},{"taxonomy":"product_cat","embeddable":true,"href":"https:\/\/shop.vallin.lv\/lt\/wp-json\/wp\/v2\/product_cat?post=11748"},{"taxonomy":"product_tag","embeddable":true,"href":"https:\/\/shop.vallin.lv\/lt\/wp-json\/wp\/v2\/product_tag?post=11748"}],"curies":[{"name":"wp","href":"https:\/\/api.w.org\/{rel}","templated":true}]}}