{"id":11747,"date":"2025-11-19T23:57:59","date_gmt":"2025-11-19T21:57:59","guid":{"rendered":"https:\/\/shop.vallin.lv\/product\/cable-entry-covered-with-brush-for-both-rof-ri7-rm7-series\/"},"modified":"2026-01-22T15:11:51","modified_gmt":"2026-01-22T13:11:51","slug":"cable-entry-covered-with-brush-for-both-rof-ri7-rm7-series","status":"publish","type":"product","link":"https:\/\/shop.vallin.lv\/lt\/produktas\/cable-entry-covered-with-brush-for-both-rof-ri7-rm7-series\/","title":{"rendered":"Kabelio \u012f\u0117jimas padengtas teptuku tiek ROF, RI7, RM7 serijai"},"content":{"rendered":"<p>Kabelio \u012f\u0117jimas padengtas teptuku tiek ROF, RI7, RM7 serijai<\/p>\n<p>Duomen\u0173 lapas:<br \/>\n<a href=\"https:\/\/www.conteg.com\/userfiles\/accessories-it-racks-datasheet-conteg-en-b2233ea1.pdf\" target=\"_blank\" rel=\"noopener\">Per\u017ei\u016br\u0117ti<\/a><\/p>","protected":false},"excerpt":{"rendered":"<p>Cable entry covered with brush for both ROF, RI7, RM7 series Data Sheet: View<\/p>","protected":false},"featured_media":0,"template":"","meta":[],"product_brand":[],"product_cat":[506],"product_tag":[],"class_list":{"0":"post-11747","1":"product","2":"type-product","3":"status-publish","5":"product_cat-cable-organizers-and-systems","7":"first","8":"outofstock","9":"taxable","10":"shipping-taxable","11":"purchasable","12":"product-type-simple"},"_links":{"self":[{"href":"https:\/\/shop.vallin.lv\/lt\/wp-json\/wp\/v2\/product\/11747","targetHints":{"allow":["GET"]}}],"collection":[{"href":"https:\/\/shop.vallin.lv\/lt\/wp-json\/wp\/v2\/product"}],"about":[{"href":"https:\/\/shop.vallin.lv\/lt\/wp-json\/wp\/v2\/types\/product"}],"version-history":[{"count":1,"href":"https:\/\/shop.vallin.lv\/lt\/wp-json\/wp\/v2\/product\/11747\/revisions"}],"predecessor-version":[{"id":30197,"href":"https:\/\/shop.vallin.lv\/lt\/wp-json\/wp\/v2\/product\/11747\/revisions\/30197"}],"wp:attachment":[{"href":"https:\/\/shop.vallin.lv\/lt\/wp-json\/wp\/v2\/media?parent=11747"}],"wp:term":[{"taxonomy":"product_brand","embeddable":true,"href":"https:\/\/shop.vallin.lv\/lt\/wp-json\/wp\/v2\/product_brand?post=11747"},{"taxonomy":"product_cat","embeddable":true,"href":"https:\/\/shop.vallin.lv\/lt\/wp-json\/wp\/v2\/product_cat?post=11747"},{"taxonomy":"product_tag","embeddable":true,"href":"https:\/\/shop.vallin.lv\/lt\/wp-json\/wp\/v2\/product_tag?post=11747"}],"curies":[{"name":"wp","href":"https:\/\/api.w.org\/{rel}","templated":true}]}}