{"id":11723,"date":"2025-11-19T23:57:11","date_gmt":"2025-11-19T21:57:11","guid":{"rendered":"https:\/\/shop.vallin.lv\/product\/19-blank-panel-1u-packaged-by-5-pcs-price-per-1-pc\/"},"modified":"2026-03-12T13:40:22","modified_gmt":"2026-03-12T11:40:22","slug":"19-blank-panel-1u-packaged-by-5-pcs-price-per-1-pc","status":"publish","type":"product","link":"https:\/\/shop.vallin.lv\/lt\/produktas\/19-blank-panel-1u-packaged-by-5-pcs-price-per-1-pc\/","title":{"rendered":"19\" tu\u0161\u010dia panel\u0117 1U; supakuota po 5 vnt., kaina u\u017e 1 vnt."},"content":{"rendered":"<p>19\" tu\u0161\u010dia panel\u0117 1U; supakuota po 5 vnt., kaina u\u017e 1 vnt.<\/p>\n<p>Duomen\u0173 lapas:<br \/>\n<a href=\"https:\/\/www.conteg.com\/products\/blank-panel-for-soho-mini-reh-10\" target=\"_blank\" rel=\"noopener\">Per\u017ei\u016br\u0117ti<\/a><\/p>","protected":false},"excerpt":{"rendered":"<p>19&#8243; blank panel 1U; packaged by 5 pcs, price per 1 pcs Data Sheet: View<\/p>","protected":false},"featured_media":11723,"template":"","meta":[],"product_brand":[],"product_cat":[922],"product_tag":[],"class_list":{"0":"post-11723","1":"product","2":"type-product","3":"status-publish","4":"has-post-thumbnail","6":"product_cat-other-accessories","8":"first","9":"outofstock","10":"taxable","11":"shipping-taxable","12":"purchasable","13":"product-type-simple"},"_links":{"self":[{"href":"https:\/\/shop.vallin.lv\/lt\/wp-json\/wp\/v2\/product\/11723","targetHints":{"allow":["GET"]}}],"collection":[{"href":"https:\/\/shop.vallin.lv\/lt\/wp-json\/wp\/v2\/product"}],"about":[{"href":"https:\/\/shop.vallin.lv\/lt\/wp-json\/wp\/v2\/types\/product"}],"version-history":[{"count":1,"href":"https:\/\/shop.vallin.lv\/lt\/wp-json\/wp\/v2\/product\/11723\/revisions"}],"predecessor-version":[{"id":30173,"href":"https:\/\/shop.vallin.lv\/lt\/wp-json\/wp\/v2\/product\/11723\/revisions\/30173"}],"wp:featuredmedia":[{"embeddable":true,"href":"https:\/\/shop.vallin.lv\/lt\/wp-json\/wp\/v2\/product\/11723"}],"wp:attachment":[{"href":"https:\/\/shop.vallin.lv\/lt\/wp-json\/wp\/v2\/media?parent=11723"}],"wp:term":[{"taxonomy":"product_brand","embeddable":true,"href":"https:\/\/shop.vallin.lv\/lt\/wp-json\/wp\/v2\/product_brand?post=11723"},{"taxonomy":"product_cat","embeddable":true,"href":"https:\/\/shop.vallin.lv\/lt\/wp-json\/wp\/v2\/product_cat?post=11723"},{"taxonomy":"product_tag","embeddable":true,"href":"https:\/\/shop.vallin.lv\/lt\/wp-json\/wp\/v2\/product_tag?post=11723"}],"curies":[{"name":"wp","href":"https:\/\/api.w.org\/{rel}","templated":true}]}}