{"id":11722,"date":"2025-11-19T23:57:09","date_gmt":"2025-11-19T21:57:09","guid":{"rendered":"https:\/\/shop.vallin.lv\/product\/drawing-pocket-for-documents-a4-self-adhesive-tape\/"},"modified":"2026-01-22T15:11:43","modified_gmt":"2026-01-22T13:11:43","slug":"drawing-pocket-for-documents-a4-self-adhesive-tape","status":"publish","type":"product","link":"https:\/\/shop.vallin.lv\/lt\/produktas\/drawing-pocket-for-documents-a4-self-adhesive-tape\/","title":{"rendered":"Pie\u0161imo ki\u0161en\u0117 dokumentams A4, lipni juosta"},"content":{"rendered":"<p>Pie\u0161imo ki\u0161en\u0117 dokumentams A4, lipni juosta<\/p>","protected":false},"excerpt":{"rendered":"<p>Pie\u0161imo ki\u0161en\u0117 dokumentams A4, lipni juosta<\/p>","protected":false},"featured_media":0,"template":"","meta":[],"product_brand":[],"product_cat":[922],"product_tag":[],"class_list":{"0":"post-11722","1":"product","2":"type-product","3":"status-publish","5":"product_cat-other-accessories","7":"first","8":"outofstock","9":"taxable","10":"shipping-taxable","11":"purchasable","12":"product-type-simple"},"_links":{"self":[{"href":"https:\/\/shop.vallin.lv\/lt\/wp-json\/wp\/v2\/product\/11722","targetHints":{"allow":["GET"]}}],"collection":[{"href":"https:\/\/shop.vallin.lv\/lt\/wp-json\/wp\/v2\/product"}],"about":[{"href":"https:\/\/shop.vallin.lv\/lt\/wp-json\/wp\/v2\/types\/product"}],"version-history":[{"count":1,"href":"https:\/\/shop.vallin.lv\/lt\/wp-json\/wp\/v2\/product\/11722\/revisions"}],"predecessor-version":[{"id":30172,"href":"https:\/\/shop.vallin.lv\/lt\/wp-json\/wp\/v2\/product\/11722\/revisions\/30172"}],"wp:attachment":[{"href":"https:\/\/shop.vallin.lv\/lt\/wp-json\/wp\/v2\/media?parent=11722"}],"wp:term":[{"taxonomy":"product_brand","embeddable":true,"href":"https:\/\/shop.vallin.lv\/lt\/wp-json\/wp\/v2\/product_brand?post=11722"},{"taxonomy":"product_cat","embeddable":true,"href":"https:\/\/shop.vallin.lv\/lt\/wp-json\/wp\/v2\/product_cat?post=11722"},{"taxonomy":"product_tag","embeddable":true,"href":"https:\/\/shop.vallin.lv\/lt\/wp-json\/wp\/v2\/product_tag?post=11722"}],"curies":[{"name":"wp","href":"https:\/\/api.w.org\/{rel}","templated":true}]}}