{"id":11705,"date":"2025-11-19T23:56:44","date_gmt":"2025-11-19T21:56:44","guid":{"rendered":"https:\/\/shop.vallin.lv\/product\/19-shelf-depth-750mm-with-2-supporting-brackets-fixed-height-1u-for-20kg-1-pcs\/"},"modified":"2026-03-12T14:54:42","modified_gmt":"2026-03-12T12:54:42","slug":"19-shelf-depth-750mm-with-2-supporting-brackets-fixed-height-1u-for-20kg-1-pcs","status":"publish","type":"product","link":"https:\/\/shop.vallin.lv\/lt\/produktas\/19-shelf-depth-750mm-with-2-supporting-brackets-fixed-height-1u-for-20kg-1-pcs\/","title":{"rendered":"19\" lentyna, gylis 750mm su 2 atraminiais laikikliais - fiksuotas, auk\u0161tis 1U; 20kg; 1 vnt."},"content":{"rendered":"<p>19\" lentyna, gylis 750mm su 2 atraminiais laikikliais - fiksuotas, auk\u0161tis 1U; 20kg; 1 vnt.<\/p>\n<p>Duomen\u0173 lapas:<br \/>\n<a href=\"https:\/\/www.conteg.com\/it-and-telco\/open-frames-accessories\" target=\"_blank\" rel=\"noopener\">Per\u017ei\u016br\u0117ti<\/a><\/p>","protected":false},"excerpt":{"rendered":"<p>19&#8243; shelf, depth 750mm with 2 supporting brackets &#8211; Fixed, height 1U; for 20kg; 1 pcs Data Sheet: View<\/p>","protected":false},"featured_media":11705,"template":"","meta":[],"product_brand":[],"product_cat":[507],"product_tag":[],"class_list":{"0":"post-11705","1":"product","2":"type-product","3":"status-publish","4":"has-post-thumbnail","6":"product_cat-shelves-for-19-cabinets","8":"first","9":"instock","10":"taxable","11":"shipping-taxable","12":"purchasable","13":"product-type-simple"},"_links":{"self":[{"href":"https:\/\/shop.vallin.lv\/lt\/wp-json\/wp\/v2\/product\/11705","targetHints":{"allow":["GET"]}}],"collection":[{"href":"https:\/\/shop.vallin.lv\/lt\/wp-json\/wp\/v2\/product"}],"about":[{"href":"https:\/\/shop.vallin.lv\/lt\/wp-json\/wp\/v2\/types\/product"}],"version-history":[{"count":1,"href":"https:\/\/shop.vallin.lv\/lt\/wp-json\/wp\/v2\/product\/11705\/revisions"}],"predecessor-version":[{"id":30162,"href":"https:\/\/shop.vallin.lv\/lt\/wp-json\/wp\/v2\/product\/11705\/revisions\/30162"}],"wp:featuredmedia":[{"embeddable":true,"href":"https:\/\/shop.vallin.lv\/lt\/wp-json\/wp\/v2\/product\/11705"}],"wp:attachment":[{"href":"https:\/\/shop.vallin.lv\/lt\/wp-json\/wp\/v2\/media?parent=11705"}],"wp:term":[{"taxonomy":"product_brand","embeddable":true,"href":"https:\/\/shop.vallin.lv\/lt\/wp-json\/wp\/v2\/product_brand?post=11705"},{"taxonomy":"product_cat","embeddable":true,"href":"https:\/\/shop.vallin.lv\/lt\/wp-json\/wp\/v2\/product_cat?post=11705"},{"taxonomy":"product_tag","embeddable":true,"href":"https:\/\/shop.vallin.lv\/lt\/wp-json\/wp\/v2\/product_tag?post=11705"}],"curies":[{"name":"wp","href":"https:\/\/api.w.org\/{rel}","templated":true}]}}