{"id":11683,"date":"2025-11-19T23:56:10","date_gmt":"2025-11-19T21:56:10","guid":{"rendered":"https:\/\/shop.vallin.lv\/product\/smoke-detector-with-1-5m-cable-can-be-extended-by-lan-cable-cat-5e-6\/"},"modified":"2026-03-12T13:40:35","modified_gmt":"2026-03-12T11:40:35","slug":"smoke-detector-with-1-5m-cable-can-be-extended-by-lan-cable-cat-5e-6","status":"publish","type":"product","link":"https:\/\/shop.vallin.lv\/lt\/produktas\/smoke-detector-with-1-5m-cable-can-be-extended-by-lan-cable-cat-5e-6\/","title":{"rendered":"D\u016bm\u0173 detektorius su 1,5 m kabeliu"},"content":{"rendered":"<p>Smoke detector with 1.5m cable; (can be extended by LAN cable (CAT.5e\/6))<\/p>\n<p>Duomen\u0173 lapas:<br \/>\n<a href=\"https:\/\/www.conteg.com\/products\/ramos-micro\" target=\"_blank\">Per\u017ei\u016br\u0117ti<\/a><\/p>","protected":false},"excerpt":{"rendered":"<p>Smoke detector with 1.5m cable; (can be extended by LAN cable (CAT.5e\/6)) Data Sheet: View<\/p>","protected":false},"featured_media":11683,"template":"","meta":[],"product_brand":[],"product_cat":[538],"product_tag":[],"class_list":{"0":"post-11683","1":"product","2":"type-product","3":"status-publish","4":"has-post-thumbnail","6":"product_cat-19-cabinet-monitoring-systems","8":"first","9":"outofstock","10":"taxable","11":"shipping-taxable","12":"purchasable","13":"product-type-simple"},"_links":{"self":[{"href":"https:\/\/shop.vallin.lv\/lt\/wp-json\/wp\/v2\/product\/11683","targetHints":{"allow":["GET"]}}],"collection":[{"href":"https:\/\/shop.vallin.lv\/lt\/wp-json\/wp\/v2\/product"}],"about":[{"href":"https:\/\/shop.vallin.lv\/lt\/wp-json\/wp\/v2\/types\/product"}],"version-history":[{"count":1,"href":"https:\/\/shop.vallin.lv\/lt\/wp-json\/wp\/v2\/product\/11683\/revisions"}],"predecessor-version":[{"id":30148,"href":"https:\/\/shop.vallin.lv\/lt\/wp-json\/wp\/v2\/product\/11683\/revisions\/30148"}],"wp:featuredmedia":[{"embeddable":true,"href":"https:\/\/shop.vallin.lv\/lt\/wp-json\/wp\/v2\/product\/11683"}],"wp:attachment":[{"href":"https:\/\/shop.vallin.lv\/lt\/wp-json\/wp\/v2\/media?parent=11683"}],"wp:term":[{"taxonomy":"product_brand","embeddable":true,"href":"https:\/\/shop.vallin.lv\/lt\/wp-json\/wp\/v2\/product_brand?post=11683"},{"taxonomy":"product_cat","embeddable":true,"href":"https:\/\/shop.vallin.lv\/lt\/wp-json\/wp\/v2\/product_cat?post=11683"},{"taxonomy":"product_tag","embeddable":true,"href":"https:\/\/shop.vallin.lv\/lt\/wp-json\/wp\/v2\/product_tag?post=11683"}],"curies":[{"name":"wp","href":"https:\/\/api.w.org\/{rel}","templated":true}]}}