{"id":11648,"date":"2025-11-19T23:55:00","date_gmt":"2025-11-19T21:55:00","guid":{"rendered":"https:\/\/shop.vallin.lv\/product\/optiway-300-main-duct-hinged-cover-2-metre-length-yellow\/"},"modified":"2026-03-12T13:41:21","modified_gmt":"2026-03-12T11:41:21","slug":"optiway-300-main-duct-hinged-cover-2-metre-length-yellow","status":"publish","type":"product","link":"https:\/\/shop.vallin.lv\/lt\/produktas\/optiway-300-main-duct-hinged-cover-2-metre-length-yellow\/","title":{"rendered":"OptiWay 300 &#8211; Main Duct Hinged Cover, 2 metre length, yellow"},"content":{"rendered":"<p>OptiWay 300 &#8211; Main Duct Hinged Cover, 2 metre length, yellow<\/p>\n<p>Duomen\u0173 lapas:<br \/>\n<a href=\"https:\/\/www.conteg.com\/it-and-telco\/optical-pathway-system\" target=\"_blank\" rel=\"noopener\">Per\u017ei\u016br\u0117ti<\/a><\/p>","protected":false},"excerpt":{"rendered":"<p>OptiWay 300 &#8211; Main Duct Hinged Cover, 2 metre length, yellow Data Sheet: View<\/p>","protected":false},"featured_media":11648,"template":"","meta":[],"product_brand":[],"product_cat":[506],"product_tag":[],"class_list":{"0":"post-11648","1":"product","2":"type-product","3":"status-publish","4":"has-post-thumbnail","6":"product_cat-cable-organizers-and-systems","8":"first","9":"outofstock","10":"taxable","11":"shipping-taxable","12":"purchasable","13":"product-type-simple"},"_links":{"self":[{"href":"https:\/\/shop.vallin.lv\/lt\/wp-json\/wp\/v2\/product\/11648","targetHints":{"allow":["GET"]}}],"collection":[{"href":"https:\/\/shop.vallin.lv\/lt\/wp-json\/wp\/v2\/product"}],"about":[{"href":"https:\/\/shop.vallin.lv\/lt\/wp-json\/wp\/v2\/types\/product"}],"version-history":[{"count":1,"href":"https:\/\/shop.vallin.lv\/lt\/wp-json\/wp\/v2\/product\/11648\/revisions"}],"predecessor-version":[{"id":30114,"href":"https:\/\/shop.vallin.lv\/lt\/wp-json\/wp\/v2\/product\/11648\/revisions\/30114"}],"wp:featuredmedia":[{"embeddable":true,"href":"https:\/\/shop.vallin.lv\/lt\/wp-json\/wp\/v2\/product\/11648"}],"wp:attachment":[{"href":"https:\/\/shop.vallin.lv\/lt\/wp-json\/wp\/v2\/media?parent=11648"}],"wp:term":[{"taxonomy":"product_brand","embeddable":true,"href":"https:\/\/shop.vallin.lv\/lt\/wp-json\/wp\/v2\/product_brand?post=11648"},{"taxonomy":"product_cat","embeddable":true,"href":"https:\/\/shop.vallin.lv\/lt\/wp-json\/wp\/v2\/product_cat?post=11648"},{"taxonomy":"product_tag","embeddable":true,"href":"https:\/\/shop.vallin.lv\/lt\/wp-json\/wp\/v2\/product_tag?post=11648"}],"curies":[{"name":"wp","href":"https:\/\/api.w.org\/{rel}","templated":true}]}}