{"id":11638,"date":"2025-11-19T23:54:39","date_gmt":"2025-11-19T21:54:39","guid":{"rendered":"https:\/\/shop.vallin.lv\/product\/optiway-160-cross-160-x-100mm-yellow-requires-4x-opw-16jo\/"},"modified":"2026-03-12T13:42:04","modified_gmt":"2026-03-12T11:42:04","slug":"optiway-160-cross-160-x-100mm-yellow-requires-4x-opw-16jo","status":"publish","type":"product","link":"https:\/\/shop.vallin.lv\/lt\/produktas\/optiway-160-cross-160-x-100mm-yellow-requires-4x-opw-16jo\/","title":{"rendered":"OptiWay 160 &#8211; Cross, 160 x 100mm, yellow, requires 4x OPW-16JO"},"content":{"rendered":"<p>OptiWay 160 &#8211; Cross, 160 x 100mm, yellow, requires 4x OPW-16JO<\/p>\n<p>Duomen\u0173 lapas:<br \/>\n<a href=\"https:\/\/www.conteg.com\/it-and-telco\/optical-pathway-system\" target=\"_blank\">Per\u017ei\u016br\u0117ti<\/a><\/p>","protected":false},"excerpt":{"rendered":"<p>OptiWay 160 &#8211; Cross, 160 x 100mm, yellow, requires 4x OPW-16JO Data Sheet: View<\/p>","protected":false},"featured_media":11638,"template":"","meta":[],"product_brand":[],"product_cat":[506],"product_tag":[],"class_list":{"0":"post-11638","1":"product","2":"type-product","3":"status-publish","4":"has-post-thumbnail","6":"product_cat-cable-organizers-and-systems","8":"first","9":"outofstock","10":"taxable","11":"shipping-taxable","12":"purchasable","13":"product-type-simple"},"_links":{"self":[{"href":"https:\/\/shop.vallin.lv\/lt\/wp-json\/wp\/v2\/product\/11638","targetHints":{"allow":["GET"]}}],"collection":[{"href":"https:\/\/shop.vallin.lv\/lt\/wp-json\/wp\/v2\/product"}],"about":[{"href":"https:\/\/shop.vallin.lv\/lt\/wp-json\/wp\/v2\/types\/product"}],"version-history":[{"count":1,"href":"https:\/\/shop.vallin.lv\/lt\/wp-json\/wp\/v2\/product\/11638\/revisions"}],"predecessor-version":[{"id":30104,"href":"https:\/\/shop.vallin.lv\/lt\/wp-json\/wp\/v2\/product\/11638\/revisions\/30104"}],"wp:featuredmedia":[{"embeddable":true,"href":"https:\/\/shop.vallin.lv\/lt\/wp-json\/wp\/v2\/product\/11638"}],"wp:attachment":[{"href":"https:\/\/shop.vallin.lv\/lt\/wp-json\/wp\/v2\/media?parent=11638"}],"wp:term":[{"taxonomy":"product_brand","embeddable":true,"href":"https:\/\/shop.vallin.lv\/lt\/wp-json\/wp\/v2\/product_brand?post=11638"},{"taxonomy":"product_cat","embeddable":true,"href":"https:\/\/shop.vallin.lv\/lt\/wp-json\/wp\/v2\/product_cat?post=11638"},{"taxonomy":"product_tag","embeddable":true,"href":"https:\/\/shop.vallin.lv\/lt\/wp-json\/wp\/v2\/product_tag?post=11638"}],"curies":[{"name":"wp","href":"https:\/\/api.w.org\/{rel}","templated":true}]}}