{"id":11623,"date":"2025-11-19T23:54:00","date_gmt":"2025-11-19T21:54:00","guid":{"rendered":"https:\/\/shop.vallin.lv\/product\/2u-x-10-finger-front-only-with-removeable-cover-hxwxd-2u-x-19-x-112mm\/"},"modified":"2026-03-12T13:40:34","modified_gmt":"2026-03-12T11:40:34","slug":"2u-x-10-finger-front-only-with-removeable-cover-hxwxd-2u-x-19-x-112mm","status":"publish","type":"product","link":"https:\/\/shop.vallin.lv\/lt\/produktas\/2u-x-10-finger-front-only-with-removeable-cover-hxwxd-2u-x-19-x-112mm\/","title":{"rendered":"2U x 10 pir\u0161to priekis tik su nuimamu dangteliu, (HxWxD) 2U x 19\" x 112mm"},"content":{"rendered":"<p>2U x 10 pir\u0161to priekis tik su nuimamu dangteliu, (HxWxD) 2U x 19\" x 112mm<\/p>\n<p>Duomen\u0173 lapas:<br \/>\n<a href=\"https:\/\/www.conteg.com\/it-and-telco\/high-density-wire-management\" target=\"_blank\" rel=\"noopener\">Per\u017ei\u016br\u0117ti<\/a><\/p>","protected":false},"excerpt":{"rendered":"<p>2U x 10 finger front only with removeable cover, (HxWxD) 2U x 19&#8243; x 112mm Data Sheet: View<\/p>","protected":false},"featured_media":11623,"template":"","meta":[],"product_brand":[],"product_cat":[506],"product_tag":[],"class_list":{"0":"post-11623","1":"product","2":"type-product","3":"status-publish","4":"has-post-thumbnail","6":"product_cat-cable-organizers-and-systems","8":"first","9":"outofstock","10":"taxable","11":"shipping-taxable","12":"purchasable","13":"product-type-simple"},"_links":{"self":[{"href":"https:\/\/shop.vallin.lv\/lt\/wp-json\/wp\/v2\/product\/11623","targetHints":{"allow":["GET"]}}],"collection":[{"href":"https:\/\/shop.vallin.lv\/lt\/wp-json\/wp\/v2\/product"}],"about":[{"href":"https:\/\/shop.vallin.lv\/lt\/wp-json\/wp\/v2\/types\/product"}],"version-history":[{"count":1,"href":"https:\/\/shop.vallin.lv\/lt\/wp-json\/wp\/v2\/product\/11623\/revisions"}],"predecessor-version":[{"id":30092,"href":"https:\/\/shop.vallin.lv\/lt\/wp-json\/wp\/v2\/product\/11623\/revisions\/30092"}],"wp:featuredmedia":[{"embeddable":true,"href":"https:\/\/shop.vallin.lv\/lt\/wp-json\/wp\/v2\/product\/11623"}],"wp:attachment":[{"href":"https:\/\/shop.vallin.lv\/lt\/wp-json\/wp\/v2\/media?parent=11623"}],"wp:term":[{"taxonomy":"product_brand","embeddable":true,"href":"https:\/\/shop.vallin.lv\/lt\/wp-json\/wp\/v2\/product_brand?post=11623"},{"taxonomy":"product_cat","embeddable":true,"href":"https:\/\/shop.vallin.lv\/lt\/wp-json\/wp\/v2\/product_cat?post=11623"},{"taxonomy":"product_tag","embeddable":true,"href":"https:\/\/shop.vallin.lv\/lt\/wp-json\/wp\/v2\/product_tag?post=11623"}],"curies":[{"name":"wp","href":"https:\/\/api.w.org\/{rel}","templated":true}]}}