{"id":11603,"date":"2025-11-19T23:53:04","date_gmt":"2025-11-19T21:53:04","guid":{"rendered":"https:\/\/shop.vallin.lv\/product\/19-rud-three-section-wall-mount-rack-height-6u-width-600mm-depth-500mm\/"},"modified":"2026-03-12T13:41:53","modified_gmt":"2026-03-12T11:41:53","slug":"19-rud-three-section-wall-mount-rack-height-6u-width-600mm-depth-500mm","status":"publish","type":"product","link":"https:\/\/shop.vallin.lv\/lt\/produktas\/19-rud-three-section-wall-mount-rack-height-6u-width-600mm-depth-500mm\/","title":{"rendered":"19\" RUD trij\u0173 sekcij\u0173 sieninis stovas, auk\u0161tis 6U, plotis 600mm, gylis 500mm"},"content":{"rendered":"<p>Basic information:<br \/>\nHeight:  6U<br \/>\nWidth: 600mm<br \/>\nDepth: 500mm<br \/>\nColor: RAL 7035 (light gray)<br \/>\nStandard equipment: 1 pair of sliding 19\" vertical extrusions<br \/>\nGlass door with lock<br \/>\nRemovable side panels with lock<br \/>\nEarthing kit<br \/>\n16 mounting kits<br \/>\nSwing-frame design<br \/>\nLoad rating: 50kg<br \/>\nDelivery conditions: RUD rack is delivered assembled and packed<\/p>\n<p>Duomen\u0173 lapas:<br \/>\n<a href=\"https:\/\/www.conteg.com\/userfiles\/premium-split-rud-datasheet-conteg-en-e76cc839.pdf?v=\" target=\"_blank\" rel=\"noopener\">Per\u017ei\u016br\u0117ti<\/a><\/p>","protected":false},"excerpt":{"rendered":"<p>Basic information: Height: 6U Width: 600mm Depth: 500mm Color: RAL 7035 (light gray) Standard equipment: 1 pair of sliding 19&#8243;<\/p>","protected":false},"featured_media":11603,"template":"","meta":[],"product_brand":[],"product_cat":[324],"product_tag":[],"class_list":{"0":"post-11603","1":"product","2":"type-product","3":"status-publish","4":"has-post-thumbnail","6":"product_cat-19-wall-cabinets","8":"first","9":"outofstock","10":"taxable","11":"shipping-taxable","12":"purchasable","13":"product-type-simple"},"_links":{"self":[{"href":"https:\/\/shop.vallin.lv\/lt\/wp-json\/wp\/v2\/product\/11603","targetHints":{"allow":["GET"]}}],"collection":[{"href":"https:\/\/shop.vallin.lv\/lt\/wp-json\/wp\/v2\/product"}],"about":[{"href":"https:\/\/shop.vallin.lv\/lt\/wp-json\/wp\/v2\/types\/product"}],"version-history":[{"count":1,"href":"https:\/\/shop.vallin.lv\/lt\/wp-json\/wp\/v2\/product\/11603\/revisions"}],"predecessor-version":[{"id":30082,"href":"https:\/\/shop.vallin.lv\/lt\/wp-json\/wp\/v2\/product\/11603\/revisions\/30082"}],"wp:featuredmedia":[{"embeddable":true,"href":"https:\/\/shop.vallin.lv\/lt\/wp-json\/wp\/v2\/product\/11603"}],"wp:attachment":[{"href":"https:\/\/shop.vallin.lv\/lt\/wp-json\/wp\/v2\/media?parent=11603"}],"wp:term":[{"taxonomy":"product_brand","embeddable":true,"href":"https:\/\/shop.vallin.lv\/lt\/wp-json\/wp\/v2\/product_brand?post=11603"},{"taxonomy":"product_cat","embeddable":true,"href":"https:\/\/shop.vallin.lv\/lt\/wp-json\/wp\/v2\/product_cat?post=11603"},{"taxonomy":"product_tag","embeddable":true,"href":"https:\/\/shop.vallin.lv\/lt\/wp-json\/wp\/v2\/product_tag?post=11603"}],"curies":[{"name":"wp","href":"https:\/\/api.w.org\/{rel}","templated":true}]}}