{"id":11593,"date":"2025-11-19T23:52:36","date_gmt":"2025-11-19T21:52:36","guid":{"rendered":"https:\/\/shop.vallin.lv\/product\/19-run-wall-mount-rack-height-15u-w-d-60-50-removable-side-panels\/"},"modified":"2026-03-12T13:41:50","modified_gmt":"2026-03-12T11:41:50","slug":"19-run-wall-mount-rack-height-15u-w-d-60-50-removable-side-panels","status":"publish","type":"product","link":"https:\/\/shop.vallin.lv\/lt\/produktas\/19-run-wall-mount-rack-height-15u-w-d-60-50-removable-side-panels\/","title":{"rendered":"19\" RUN sieninis stovas, auk\u0161tis 15U, w\/d: 60\/50, nuimamos \u0161onin\u0117s plok\u0161t\u0117s"},"content":{"rendered":"<p>Basic information:<br \/>\nHeight:  15U<br \/>\nWidth: 600mm<br \/>\nDepth: 500mm<br \/>\nColor: RAL 7035 (light gray)<br \/>\nStandard equipment: 1 pair of sliding 19\" vertical extrusions<br \/>\nGlass door with lock<br \/>\nRemovable side panels with lock<br \/>\nEarthing kit<br \/>\n16 mounting kits<br \/>\nLoad rating: 60kg<br \/>\nDelivery conditions: RUN rack is delivered assembled and packed<\/p>\n<p>Duomen\u0173 lapas:<br \/>\n<a href=\"https:\/\/www.conteg.com\/userfiles\/premium-run-datasheet-conteg-en-7b237a6e.pdf?v=\" target=\"_blank\" rel=\"noopener\">Per\u017ei\u016br\u0117ti<\/a><\/p>","protected":false},"excerpt":{"rendered":"<p>Basic information: Height: 15U Width: 600mm Depth: 500mm Color: RAL 7035 (light gray) Standard equipment: 1 pair of sliding 19&#8243;<\/p>","protected":false},"featured_media":11593,"template":"","meta":[],"product_brand":[],"product_cat":[324],"product_tag":[],"class_list":{"0":"post-11593","1":"product","2":"type-product","3":"status-publish","4":"has-post-thumbnail","6":"product_cat-19-wall-cabinets","8":"first","9":"outofstock","10":"taxable","11":"shipping-taxable","12":"purchasable","13":"product-type-simple"},"_links":{"self":[{"href":"https:\/\/shop.vallin.lv\/lt\/wp-json\/wp\/v2\/product\/11593","targetHints":{"allow":["GET"]}}],"collection":[{"href":"https:\/\/shop.vallin.lv\/lt\/wp-json\/wp\/v2\/product"}],"about":[{"href":"https:\/\/shop.vallin.lv\/lt\/wp-json\/wp\/v2\/types\/product"}],"version-history":[{"count":1,"href":"https:\/\/shop.vallin.lv\/lt\/wp-json\/wp\/v2\/product\/11593\/revisions"}],"predecessor-version":[{"id":30077,"href":"https:\/\/shop.vallin.lv\/lt\/wp-json\/wp\/v2\/product\/11593\/revisions\/30077"}],"wp:featuredmedia":[{"embeddable":true,"href":"https:\/\/shop.vallin.lv\/lt\/wp-json\/wp\/v2\/product\/11593"}],"wp:attachment":[{"href":"https:\/\/shop.vallin.lv\/lt\/wp-json\/wp\/v2\/media?parent=11593"}],"wp:term":[{"taxonomy":"product_brand","embeddable":true,"href":"https:\/\/shop.vallin.lv\/lt\/wp-json\/wp\/v2\/product_brand?post=11593"},{"taxonomy":"product_cat","embeddable":true,"href":"https:\/\/shop.vallin.lv\/lt\/wp-json\/wp\/v2\/product_cat?post=11593"},{"taxonomy":"product_tag","embeddable":true,"href":"https:\/\/shop.vallin.lv\/lt\/wp-json\/wp\/v2\/product_tag?post=11593"}],"curies":[{"name":"wp","href":"https:\/\/api.w.org\/{rel}","templated":true}]}}