{"id":11583,"date":"2025-11-19T23:52:08","date_gmt":"2025-11-19T21:52:08","guid":{"rendered":"https:\/\/shop.vallin.lv\/product\/wire-management-panel-for-double-frame\/"},"modified":"2026-03-12T13:42:05","modified_gmt":"2026-03-12T11:42:05","slug":"wire-management-panel-for-double-frame","status":"publish","type":"product","link":"https:\/\/shop.vallin.lv\/lt\/produktas\/wire-management-panel-for-double-frame\/","title":{"rendered":"Vielos valdymo pultas dvigubam r\u0117mui"},"content":{"rendered":"<p>Vielos valdymo pultas dvigubam r\u0117mui<\/p>\n<p>Duomen\u0173 lapas:<br \/>\n<a href=\"https:\/\/www.conteg.com\/userfiles\/rs-datasheet-conteg-en-2a021aaf.pdf\" target=\"_blank\" rel=\"noopener\">Per\u017ei\u016br\u0117ti<\/a><\/p>","protected":false},"excerpt":{"rendered":"<p>Wire-management panel for double frame Data Sheet: View<\/p>","protected":false},"featured_media":11583,"template":"","meta":[],"product_brand":[],"product_cat":[325],"product_tag":[],"class_list":{"0":"post-11583","1":"product","2":"type-product","3":"status-publish","4":"has-post-thumbnail","6":"product_cat-19-frames","8":"first","9":"outofstock","10":"taxable","11":"shipping-taxable","12":"purchasable","13":"product-type-simple"},"_links":{"self":[{"href":"https:\/\/shop.vallin.lv\/lt\/wp-json\/wp\/v2\/product\/11583","targetHints":{"allow":["GET"]}}],"collection":[{"href":"https:\/\/shop.vallin.lv\/lt\/wp-json\/wp\/v2\/product"}],"about":[{"href":"https:\/\/shop.vallin.lv\/lt\/wp-json\/wp\/v2\/types\/product"}],"version-history":[{"count":1,"href":"https:\/\/shop.vallin.lv\/lt\/wp-json\/wp\/v2\/product\/11583\/revisions"}],"predecessor-version":[{"id":30072,"href":"https:\/\/shop.vallin.lv\/lt\/wp-json\/wp\/v2\/product\/11583\/revisions\/30072"}],"wp:featuredmedia":[{"embeddable":true,"href":"https:\/\/shop.vallin.lv\/lt\/wp-json\/wp\/v2\/product\/11583"}],"wp:attachment":[{"href":"https:\/\/shop.vallin.lv\/lt\/wp-json\/wp\/v2\/media?parent=11583"}],"wp:term":[{"taxonomy":"product_brand","embeddable":true,"href":"https:\/\/shop.vallin.lv\/lt\/wp-json\/wp\/v2\/product_brand?post=11583"},{"taxonomy":"product_cat","embeddable":true,"href":"https:\/\/shop.vallin.lv\/lt\/wp-json\/wp\/v2\/product_cat?post=11583"},{"taxonomy":"product_tag","embeddable":true,"href":"https:\/\/shop.vallin.lv\/lt\/wp-json\/wp\/v2\/product_tag?post=11583"}],"curies":[{"name":"wp","href":"https:\/\/api.w.org\/{rel}","templated":true}]}}