{"id":11511,"date":"2025-11-19T23:48:35","date_gmt":"2025-11-19T21:48:35","guid":{"rendered":"https:\/\/shop.vallin.lv\/product\/supporting-bracket-long-for-dp-po-xxx-19-shelf-one-pair\/"},"modified":"2026-01-22T15:10:44","modified_gmt":"2026-01-22T13:10:44","slug":"supporting-bracket-long-for-dp-po-xxx-19-shelf-one-pair","status":"publish","type":"product","link":"https:\/\/shop.vallin.lv\/lt\/produktas\/supporting-bracket-long-for-dp-po-xxx-19-shelf-one-pair\/","title":{"rendered":"Laikiklis ilgas DP-PO-xxx 19\" lentynai - viena pora"},"content":{"rendered":"<p>Laikiklis ilgas DP-PO-xxx 19\" lentynai - viena pora<\/p>\n<p>Duomen\u0173 lapas:<br \/>\n<a href=\"https:\/\/www.conteg.com\/userfiles\/accessories-it-racks-datasheet-conteg-en-b2233ea1.pdf\" target=\"_blank\" rel=\"noopener\">Per\u017ei\u016br\u0117ti<\/a><\/p>","protected":false},"excerpt":{"rendered":"<p>Supporting bracket long for DP-PO-xxx 19&#8243; shelf &#8211; one pair Data Sheet: View<\/p>","protected":false},"featured_media":11511,"template":"","meta":[],"product_brand":[],"product_cat":[507],"product_tag":[],"class_list":{"0":"post-11511","1":"product","2":"type-product","3":"status-publish","4":"has-post-thumbnail","6":"product_cat-shelves-for-19-cabinets","8":"first","9":"instock","10":"taxable","11":"shipping-taxable","12":"purchasable","13":"product-type-simple"},"_links":{"self":[{"href":"https:\/\/shop.vallin.lv\/lt\/wp-json\/wp\/v2\/product\/11511","targetHints":{"allow":["GET"]}}],"collection":[{"href":"https:\/\/shop.vallin.lv\/lt\/wp-json\/wp\/v2\/product"}],"about":[{"href":"https:\/\/shop.vallin.lv\/lt\/wp-json\/wp\/v2\/types\/product"}],"version-history":[{"count":2,"href":"https:\/\/shop.vallin.lv\/lt\/wp-json\/wp\/v2\/product\/11511\/revisions"}],"predecessor-version":[{"id":30035,"href":"https:\/\/shop.vallin.lv\/lt\/wp-json\/wp\/v2\/product\/11511\/revisions\/30035"}],"wp:featuredmedia":[{"embeddable":true,"href":"https:\/\/shop.vallin.lv\/lt\/wp-json\/wp\/v2\/product\/11511"}],"wp:attachment":[{"href":"https:\/\/shop.vallin.lv\/lt\/wp-json\/wp\/v2\/media?parent=11511"}],"wp:term":[{"taxonomy":"product_brand","embeddable":true,"href":"https:\/\/shop.vallin.lv\/lt\/wp-json\/wp\/v2\/product_brand?post=11511"},{"taxonomy":"product_cat","embeddable":true,"href":"https:\/\/shop.vallin.lv\/lt\/wp-json\/wp\/v2\/product_cat?post=11511"},{"taxonomy":"product_tag","embeddable":true,"href":"https:\/\/shop.vallin.lv\/lt\/wp-json\/wp\/v2\/product_tag?post=11511"}],"curies":[{"name":"wp","href":"https:\/\/api.w.org\/{rel}","templated":true}]}}