{"id":11509,"date":"2025-11-19T23:48:27","date_gmt":"2025-11-19T21:48:27","guid":{"rendered":"https:\/\/shop.vallin.lv\/product\/19-shelf-depth-650-mm-fixed-height-2u-max-60-kg-black\/"},"modified":"2026-03-12T14:43:14","modified_gmt":"2026-03-12T12:43:14","slug":"19-shelf-depth-650-mm-fixed-height-2u-max-60-kg-black","status":"publish","type":"product","link":"https:\/\/shop.vallin.lv\/lt\/produktas\/19-shelf-depth-650-mm-fixed-height-2u-max-60-kg-black\/","title":{"rendered":"19\" lentyna, gylis 650 mm; fiksuotas, auk\u0161tis 2U, maks 60 kg, juoda"},"content":{"rendered":"<p>19\" lentyna, gylis 650 mm; fiksuotas, auk\u0161tis 2U, maks 60 kg, juoda<\/p>\n<p>Duomen\u0173 lapas:<br \/>\n<a href=\"https:\/\/www.conteg.com\/userfiles\/accessories-it-racks-datasheet-conteg-en-b2233ea1.pdf\" target=\"_blank\" rel=\"noopener\">Per\u017ei\u016br\u0117ti<\/a><\/p>","protected":false},"excerpt":{"rendered":"<p>19&#8243; shelf, depth 650 mm; fixed, height 2U, max 60 kg, black Data Sheet: View<\/p>","protected":false},"featured_media":11509,"template":"","meta":[],"product_brand":[],"product_cat":[507],"product_tag":[],"class_list":{"0":"post-11509","1":"product","2":"type-product","3":"status-publish","4":"has-post-thumbnail","6":"product_cat-shelves-for-19-cabinets","8":"first","9":"outofstock","10":"taxable","11":"shipping-taxable","12":"purchasable","13":"product-type-simple"},"_links":{"self":[{"href":"https:\/\/shop.vallin.lv\/lt\/wp-json\/wp\/v2\/product\/11509","targetHints":{"allow":["GET"]}}],"collection":[{"href":"https:\/\/shop.vallin.lv\/lt\/wp-json\/wp\/v2\/product"}],"about":[{"href":"https:\/\/shop.vallin.lv\/lt\/wp-json\/wp\/v2\/types\/product"}],"version-history":[{"count":2,"href":"https:\/\/shop.vallin.lv\/lt\/wp-json\/wp\/v2\/product\/11509\/revisions"}],"predecessor-version":[{"id":30033,"href":"https:\/\/shop.vallin.lv\/lt\/wp-json\/wp\/v2\/product\/11509\/revisions\/30033"}],"wp:featuredmedia":[{"embeddable":true,"href":"https:\/\/shop.vallin.lv\/lt\/wp-json\/wp\/v2\/product\/11509"}],"wp:attachment":[{"href":"https:\/\/shop.vallin.lv\/lt\/wp-json\/wp\/v2\/media?parent=11509"}],"wp:term":[{"taxonomy":"product_brand","embeddable":true,"href":"https:\/\/shop.vallin.lv\/lt\/wp-json\/wp\/v2\/product_brand?post=11509"},{"taxonomy":"product_cat","embeddable":true,"href":"https:\/\/shop.vallin.lv\/lt\/wp-json\/wp\/v2\/product_cat?post=11509"},{"taxonomy":"product_tag","embeddable":true,"href":"https:\/\/shop.vallin.lv\/lt\/wp-json\/wp\/v2\/product_tag?post=11509"}],"curies":[{"name":"wp","href":"https:\/\/api.w.org\/{rel}","templated":true}]}}