{"id":11498,"date":"2025-11-19T23:47:39","date_gmt":"2025-11-19T21:47:39","guid":{"rendered":"https:\/\/shop.vallin.lv\/product\/kit-accessories-for-fiber-optic-patch-panel-v1\/"},"modified":"2026-04-16T14:19:51","modified_gmt":"2026-04-16T12:19:51","slug":"kit-accessories-for-fiber-optic-patch-panel-v1","status":"publish","type":"product","link":"https:\/\/shop.vallin.lv\/lt\/produktas\/kit-accessories-for-fiber-optic-patch-panel-v1\/","title":{"rendered":"Rinkini\u0173 priedai optinio pluo\u0161to pleistro skydeliui V1"},"content":{"rendered":"<p>Rinkini\u0173 priedai optinio pluo\u0161to pleistro skydeliui V1<\/p>","protected":false},"excerpt":{"rendered":"<p>Rinkini\u0173 priedai optinio pluo\u0161to pleistro skydeliui V1<\/p>","protected":false},"featured_media":11498,"template":"","meta":[],"product_brand":[],"product_cat":[543],"product_tag":[],"class_list":{"0":"post-11498","1":"product","2":"type-product","3":"status-publish","4":"has-post-thumbnail","6":"product_cat-accessories-for-panels","8":"first","9":"instock","10":"taxable","11":"shipping-taxable","12":"purchasable","13":"product-type-simple"},"_links":{"self":[{"href":"https:\/\/shop.vallin.lv\/lt\/wp-json\/wp\/v2\/product\/11498","targetHints":{"allow":["GET"]}}],"collection":[{"href":"https:\/\/shop.vallin.lv\/lt\/wp-json\/wp\/v2\/product"}],"about":[{"href":"https:\/\/shop.vallin.lv\/lt\/wp-json\/wp\/v2\/types\/product"}],"version-history":[{"count":1,"href":"https:\/\/shop.vallin.lv\/lt\/wp-json\/wp\/v2\/product\/11498\/revisions"}],"predecessor-version":[{"id":30026,"href":"https:\/\/shop.vallin.lv\/lt\/wp-json\/wp\/v2\/product\/11498\/revisions\/30026"}],"wp:featuredmedia":[{"embeddable":true,"href":"https:\/\/shop.vallin.lv\/lt\/wp-json\/wp\/v2\/product\/11498"}],"wp:attachment":[{"href":"https:\/\/shop.vallin.lv\/lt\/wp-json\/wp\/v2\/media?parent=11498"}],"wp:term":[{"taxonomy":"product_brand","embeddable":true,"href":"https:\/\/shop.vallin.lv\/lt\/wp-json\/wp\/v2\/product_brand?post=11498"},{"taxonomy":"product_cat","embeddable":true,"href":"https:\/\/shop.vallin.lv\/lt\/wp-json\/wp\/v2\/product_cat?post=11498"},{"taxonomy":"product_tag","embeddable":true,"href":"https:\/\/shop.vallin.lv\/lt\/wp-json\/wp\/v2\/product_tag?post=11498"}],"curies":[{"name":"wp","href":"https:\/\/api.w.org\/{rel}","templated":true}]}}