{"id":11497,"date":"2025-11-19T23:47:35","date_gmt":"2025-11-19T21:47:35","guid":{"rendered":"https:\/\/shop.vallin.lv\/product\/fiber-optic-cassette-for-12-splice-connections-without-cover\/"},"modified":"2026-03-12T15:20:21","modified_gmt":"2026-03-12T13:20:21","slug":"fiber-optic-cassette-for-12-splice-connections-without-cover","status":"publish","type":"product","link":"https:\/\/shop.vallin.lv\/lt\/produktas\/fiber-optic-cassette-for-12-splice-connections-without-cover\/","title":{"rendered":"\u0160viesolaidinis kaset\u0117 12 sand\u016br\u0173 jungtims, be dang\u010dio"},"content":{"rendered":"<p>\u0160viesolaidinis kaset\u0117 12 sand\u016br\u0173 jungtims, be dang\u010dio<\/p>","protected":false},"excerpt":{"rendered":"<p>\u0160viesolaidinis kaset\u0117 12 sand\u016br\u0173 jungtims, be dang\u010dio<\/p>","protected":false},"featured_media":11497,"template":"","meta":[],"product_brand":[],"product_cat":[543],"product_tag":[],"class_list":{"0":"post-11497","1":"product","2":"type-product","3":"status-publish","4":"has-post-thumbnail","6":"product_cat-accessories-for-panels","8":"first","9":"instock","10":"taxable","11":"shipping-taxable","12":"purchasable","13":"product-type-simple"},"_links":{"self":[{"href":"https:\/\/shop.vallin.lv\/lt\/wp-json\/wp\/v2\/product\/11497","targetHints":{"allow":["GET"]}}],"collection":[{"href":"https:\/\/shop.vallin.lv\/lt\/wp-json\/wp\/v2\/product"}],"about":[{"href":"https:\/\/shop.vallin.lv\/lt\/wp-json\/wp\/v2\/types\/product"}],"version-history":[{"count":1,"href":"https:\/\/shop.vallin.lv\/lt\/wp-json\/wp\/v2\/product\/11497\/revisions"}],"predecessor-version":[{"id":30025,"href":"https:\/\/shop.vallin.lv\/lt\/wp-json\/wp\/v2\/product\/11497\/revisions\/30025"}],"wp:featuredmedia":[{"embeddable":true,"href":"https:\/\/shop.vallin.lv\/lt\/wp-json\/wp\/v2\/product\/11497"}],"wp:attachment":[{"href":"https:\/\/shop.vallin.lv\/lt\/wp-json\/wp\/v2\/media?parent=11497"}],"wp:term":[{"taxonomy":"product_brand","embeddable":true,"href":"https:\/\/shop.vallin.lv\/lt\/wp-json\/wp\/v2\/product_brand?post=11497"},{"taxonomy":"product_cat","embeddable":true,"href":"https:\/\/shop.vallin.lv\/lt\/wp-json\/wp\/v2\/product_cat?post=11497"},{"taxonomy":"product_tag","embeddable":true,"href":"https:\/\/shop.vallin.lv\/lt\/wp-json\/wp\/v2\/product_tag?post=11497"}],"curies":[{"name":"wp","href":"https:\/\/api.w.org\/{rel}","templated":true}]}}