{"id":11495,"date":"2025-11-19T23:47:28","date_gmt":"2025-11-19T21:47:28","guid":{"rendered":"https:\/\/shop.vallin.lv\/product\/fiber-optic-cassette-for-12-splices\/"},"modified":"2026-04-22T09:39:26","modified_gmt":"2026-04-22T07:39:26","slug":"fiber-optic-cassette-for-12-splices","status":"publish","type":"product","link":"https:\/\/shop.vallin.lv\/lt\/produktas\/fiber-optic-cassette-for-12-splices\/","title":{"rendered":"\u0160viesolaidinis kaset\u0117 12 sand\u016br\u0173"},"content":{"rendered":"<p>Fiber optic casSette for 12 splices<\/p>","protected":false},"excerpt":{"rendered":"<p>Fiber optic casSette for 12 splices<\/p>","protected":false},"featured_media":11495,"template":"","meta":[],"product_brand":[],"product_cat":[543],"product_tag":[],"class_list":{"0":"post-11495","1":"product","2":"type-product","3":"status-publish","4":"has-post-thumbnail","6":"product_cat-accessories-for-panels","8":"first","9":"instock","10":"taxable","11":"shipping-taxable","12":"purchasable","13":"product-type-simple"},"_links":{"self":[{"href":"https:\/\/shop.vallin.lv\/lt\/wp-json\/wp\/v2\/product\/11495","targetHints":{"allow":["GET"]}}],"collection":[{"href":"https:\/\/shop.vallin.lv\/lt\/wp-json\/wp\/v2\/product"}],"about":[{"href":"https:\/\/shop.vallin.lv\/lt\/wp-json\/wp\/v2\/types\/product"}],"version-history":[{"count":3,"href":"https:\/\/shop.vallin.lv\/lt\/wp-json\/wp\/v2\/product\/11495\/revisions"}],"predecessor-version":[{"id":71601,"href":"https:\/\/shop.vallin.lv\/lt\/wp-json\/wp\/v2\/product\/11495\/revisions\/71601"}],"wp:featuredmedia":[{"embeddable":true,"href":"https:\/\/shop.vallin.lv\/lt\/wp-json\/wp\/v2\/product\/11495"}],"wp:attachment":[{"href":"https:\/\/shop.vallin.lv\/lt\/wp-json\/wp\/v2\/media?parent=11495"}],"wp:term":[{"taxonomy":"product_brand","embeddable":true,"href":"https:\/\/shop.vallin.lv\/lt\/wp-json\/wp\/v2\/product_brand?post=11495"},{"taxonomy":"product_cat","embeddable":true,"href":"https:\/\/shop.vallin.lv\/lt\/wp-json\/wp\/v2\/product_cat?post=11495"},{"taxonomy":"product_tag","embeddable":true,"href":"https:\/\/shop.vallin.lv\/lt\/wp-json\/wp\/v2\/product_tag?post=11495"}],"curies":[{"name":"wp","href":"https:\/\/api.w.org\/{rel}","templated":true}]}}