{"id":11491,"date":"2025-11-19T23:47:09","date_gmt":"2025-11-19T21:47:09","guid":{"rendered":"https:\/\/shop.vallin.lv\/product\/keystone-cat-6a-u-utp-white-90o-180o\/"},"modified":"2026-04-21T10:29:00","modified_gmt":"2026-04-21T08:29:00","slug":"keystone-cat-6a-u-utp-white-90o-180o","status":"publish","type":"product","link":"https:\/\/shop.vallin.lv\/lt\/produktas\/keystone-cat-6a-u-utp-white-90o-180o\/","title":{"rendered":"Keystone Cat.6a U\/UTP Balta 90o\/180o"},"content":{"rendered":"<p>The barpa Category 6A UTP (Unscreened Twisted Pair) jack belongs to the barpa cabling system. This jack has a unique and tested to the latest Category 6A specifications defined in the Internacional standards. Support all applications up to 500MHz.<\/p>\n<p>Duomen\u0173 lapas:<br \/>\n<a href=\"https:\/\/barpa.eu\/wp-content\/uploads\/2024\/06\/b126_2_en_keystone_jack_cat_6a_utp_90_180_way_out.pdf\" target=\"_blank\" rel=\"noopener\">Per\u017ei\u016br\u0117ti<\/a><\/p>","protected":false},"excerpt":{"rendered":"<p>The barpa Category 6A UTP (Unscreened Twisted Pair) jack belongs to the barpa cabling system. This jack has a unique<\/p>","protected":false},"featured_media":11491,"template":"","meta":[],"product_brand":[],"product_cat":[579],"product_tag":[],"class_list":{"0":"post-11491","1":"product","2":"type-product","3":"status-publish","4":"has-post-thumbnail","6":"product_cat-cat-6a-rj45-keystones-connectors-structured-cabling-system","8":"first","9":"instock","10":"taxable","11":"shipping-taxable","12":"purchasable","13":"product-type-simple"},"_links":{"self":[{"href":"https:\/\/shop.vallin.lv\/lt\/wp-json\/wp\/v2\/product\/11491","targetHints":{"allow":["GET"]}}],"collection":[{"href":"https:\/\/shop.vallin.lv\/lt\/wp-json\/wp\/v2\/product"}],"about":[{"href":"https:\/\/shop.vallin.lv\/lt\/wp-json\/wp\/v2\/types\/product"}],"version-history":[{"count":2,"href":"https:\/\/shop.vallin.lv\/lt\/wp-json\/wp\/v2\/product\/11491\/revisions"}],"predecessor-version":[{"id":30019,"href":"https:\/\/shop.vallin.lv\/lt\/wp-json\/wp\/v2\/product\/11491\/revisions\/30019"}],"wp:featuredmedia":[{"embeddable":true,"href":"https:\/\/shop.vallin.lv\/lt\/wp-json\/wp\/v2\/product\/11491"}],"wp:attachment":[{"href":"https:\/\/shop.vallin.lv\/lt\/wp-json\/wp\/v2\/media?parent=11491"}],"wp:term":[{"taxonomy":"product_brand","embeddable":true,"href":"https:\/\/shop.vallin.lv\/lt\/wp-json\/wp\/v2\/product_brand?post=11491"},{"taxonomy":"product_cat","embeddable":true,"href":"https:\/\/shop.vallin.lv\/lt\/wp-json\/wp\/v2\/product_cat?post=11491"},{"taxonomy":"product_tag","embeddable":true,"href":"https:\/\/shop.vallin.lv\/lt\/wp-json\/wp\/v2\/product_tag?post=11491"}],"curies":[{"name":"wp","href":"https:\/\/api.w.org\/{rel}","templated":true}]}}