{"id":11490,"date":"2025-11-19T23:47:05","date_gmt":"2025-11-19T21:47:05","guid":{"rendered":"https:\/\/shop.vallin.lv\/product\/keystone-cat-6-u-utp-white\/"},"modified":"2026-04-24T13:55:49","modified_gmt":"2026-04-24T11:55:49","slug":"keystone-cat-6-u-utp-white","status":"publish","type":"product","link":"https:\/\/shop.vallin.lv\/lt\/produktas\/keystone-cat-6-u-utp-white\/","title":{"rendered":"Keystone Cat.6 U\/UTP Balta"},"content":{"rendered":"<p>The barpa Category 6 UTP (Unscreened Twisted Pair) jack belongs to the barpa cabling system. This jack as an unique and tested to the latest Category 6 specifications defined in the Internacional standards. Support all applications up to 250MHz<\/p>\n<p>Duomen\u0173 lapas:<br \/>\n<a href=\"https:\/\/barpa.eu\/wp-content\/uploads\/2024\/06\/b130_2_en_keystone_jack_cat6_utp_toolless.pdf\" target=\"_blank\" rel=\"noopener\">Per\u017ei\u016br\u0117ti<\/a><\/p>","protected":false},"excerpt":{"rendered":"<p>The barpa Category 6 UTP (Unscreened Twisted Pair) jack belongs to the barpa cabling system. This jack as an unique<\/p>","protected":false},"featured_media":11490,"template":"","meta":[],"product_brand":[],"product_cat":[735],"product_tag":[],"class_list":{"0":"post-11490","1":"product","2":"type-product","3":"status-publish","4":"has-post-thumbnail","6":"product_cat-cat6-rj45-keystones-connectors-structured-cabling-system","8":"first","9":"instock","10":"taxable","11":"shipping-taxable","12":"purchasable","13":"product-type-simple"},"_links":{"self":[{"href":"https:\/\/shop.vallin.lv\/lt\/wp-json\/wp\/v2\/product\/11490","targetHints":{"allow":["GET"]}}],"collection":[{"href":"https:\/\/shop.vallin.lv\/lt\/wp-json\/wp\/v2\/product"}],"about":[{"href":"https:\/\/shop.vallin.lv\/lt\/wp-json\/wp\/v2\/types\/product"}],"version-history":[{"count":2,"href":"https:\/\/shop.vallin.lv\/lt\/wp-json\/wp\/v2\/product\/11490\/revisions"}],"predecessor-version":[{"id":30018,"href":"https:\/\/shop.vallin.lv\/lt\/wp-json\/wp\/v2\/product\/11490\/revisions\/30018"}],"wp:featuredmedia":[{"embeddable":true,"href":"https:\/\/shop.vallin.lv\/lt\/wp-json\/wp\/v2\/product\/11490"}],"wp:attachment":[{"href":"https:\/\/shop.vallin.lv\/lt\/wp-json\/wp\/v2\/media?parent=11490"}],"wp:term":[{"taxonomy":"product_brand","embeddable":true,"href":"https:\/\/shop.vallin.lv\/lt\/wp-json\/wp\/v2\/product_brand?post=11490"},{"taxonomy":"product_cat","embeddable":true,"href":"https:\/\/shop.vallin.lv\/lt\/wp-json\/wp\/v2\/product_cat?post=11490"},{"taxonomy":"product_tag","embeddable":true,"href":"https:\/\/shop.vallin.lv\/lt\/wp-json\/wp\/v2\/product_tag?post=11490"}],"curies":[{"name":"wp","href":"https:\/\/api.w.org\/{rel}","templated":true}]}}