{"id":11487,"date":"2025-11-19T23:46:51","date_gmt":"2025-11-19T21:46:51","guid":{"rendered":"https:\/\/shop.vallin.lv\/product\/blank-cover-for-keystone-patch-panel\/"},"modified":"2026-04-21T10:29:02","modified_gmt":"2026-04-21T08:29:02","slug":"blank-cover-for-keystone-patch-panel","status":"publish","type":"product","link":"https:\/\/shop.vallin.lv\/lt\/produktas\/blank-cover-for-keystone-patch-panel\/","title":{"rendered":"Tu\u0161\u010dias dangtelis Keystone pleistras skydas"},"content":{"rendered":"<p>The dust cover for empty patch panel barpa is a proper solution to optimize your network with an aesthetically pleasing design. Also, prevent the dust to damage your connections. Unused ports can be covered with dust covers.<\/p>\n<p>Duomen\u0173 lapas:<br \/>\n<a href=\"https:\/\/barpa.eu\/wp-content\/uploads\/2024\/06\/b118_2_en_dust_cover.pdf\" target=\"_blank\" rel=\"noopener\">Per\u017ei\u016br\u0117ti<\/a><\/p>","protected":false},"excerpt":{"rendered":"<p>The dust cover for empty patch panel barpa is a proper solution to optimize your network with an aesthetically pleasing<\/p>","protected":false},"featured_media":11487,"template":"","meta":[],"product_brand":[],"product_cat":[339],"product_tag":[],"class_list":{"0":"post-11487","1":"product","2":"type-product","3":"status-publish","4":"has-post-thumbnail","6":"product_cat-accessories-structured-cabling-system","8":"first","9":"instock","10":"taxable","11":"shipping-taxable","12":"purchasable","13":"product-type-simple"},"_links":{"self":[{"href":"https:\/\/shop.vallin.lv\/lt\/wp-json\/wp\/v2\/product\/11487","targetHints":{"allow":["GET"]}}],"collection":[{"href":"https:\/\/shop.vallin.lv\/lt\/wp-json\/wp\/v2\/product"}],"about":[{"href":"https:\/\/shop.vallin.lv\/lt\/wp-json\/wp\/v2\/types\/product"}],"version-history":[{"count":1,"href":"https:\/\/shop.vallin.lv\/lt\/wp-json\/wp\/v2\/product\/11487\/revisions"}],"predecessor-version":[{"id":30015,"href":"https:\/\/shop.vallin.lv\/lt\/wp-json\/wp\/v2\/product\/11487\/revisions\/30015"}],"wp:featuredmedia":[{"embeddable":true,"href":"https:\/\/shop.vallin.lv\/lt\/wp-json\/wp\/v2\/product\/11487"}],"wp:attachment":[{"href":"https:\/\/shop.vallin.lv\/lt\/wp-json\/wp\/v2\/media?parent=11487"}],"wp:term":[{"taxonomy":"product_brand","embeddable":true,"href":"https:\/\/shop.vallin.lv\/lt\/wp-json\/wp\/v2\/product_brand?post=11487"},{"taxonomy":"product_cat","embeddable":true,"href":"https:\/\/shop.vallin.lv\/lt\/wp-json\/wp\/v2\/product_cat?post=11487"},{"taxonomy":"product_tag","embeddable":true,"href":"https:\/\/shop.vallin.lv\/lt\/wp-json\/wp\/v2\/product_tag?post=11487"}],"curies":[{"name":"wp","href":"https:\/\/api.w.org\/{rel}","templated":true}]}}