{"id":11486,"date":"2025-11-19T23:46:46","date_gmt":"2025-11-19T21:46:46","guid":{"rendered":"https:\/\/shop.vallin.lv\/product\/patch-panel-cat-6a-u-utp-idc-style-180o-24-ports-1u\/"},"modified":"2026-04-21T10:29:01","modified_gmt":"2026-04-21T08:29:01","slug":"patch-panel-cat-6a-u-utp-idc-style-180o-24-ports-1u","status":"publish","type":"product","link":"https:\/\/shop.vallin.lv\/lt\/produktas\/patch-panel-cat-6a-u-utp-idc-style-180o-24-ports-1u\/","title":{"rendered":"Patch Panel Cat.6a U\/UTP IDC stilius 180o 24 prievadai 1U"},"content":{"rendered":"<p>The barpa Category 6A UTP (Unscreened Twisted Pair) patch panel belongs to the barpa 10G cabling system. Supports all applications up to 500Mhz. Cable bundle is one of the special physical characteristics, that promotes quick installation and fast termination. It\u2019s up to you to try it.<\/p>\n<p>Duomen\u0173 lapas:<br \/>\n<a href=\"https:\/\/barpa.eu\/wp-content\/uploads\/2024\/06\/b19_2_en_patch_panel_cat6a_unshielded_24_port_1u_idc_180%C2%B0.pdf\" target=\"_blank\" rel=\"noopener\">Per\u017ei\u016br\u0117ti<\/a><\/p>","protected":false},"excerpt":{"rendered":"<p>The barpa Category 6A UTP (Unscreened Twisted Pair) patch panel belongs to the barpa 10G cabling system. Supports all applications<\/p>","protected":false},"featured_media":11486,"template":"","meta":[],"product_brand":[],"product_cat":[739],"product_tag":[],"class_list":{"0":"post-11486","1":"product","2":"type-product","3":"status-publish","4":"has-post-thumbnail","6":"product_cat-cat6a-patch-panels","8":"first","9":"instock","10":"taxable","11":"shipping-taxable","12":"purchasable","13":"product-type-simple"},"_links":{"self":[{"href":"https:\/\/shop.vallin.lv\/lt\/wp-json\/wp\/v2\/product\/11486","targetHints":{"allow":["GET"]}}],"collection":[{"href":"https:\/\/shop.vallin.lv\/lt\/wp-json\/wp\/v2\/product"}],"about":[{"href":"https:\/\/shop.vallin.lv\/lt\/wp-json\/wp\/v2\/types\/product"}],"version-history":[{"count":2,"href":"https:\/\/shop.vallin.lv\/lt\/wp-json\/wp\/v2\/product\/11486\/revisions"}],"predecessor-version":[{"id":30014,"href":"https:\/\/shop.vallin.lv\/lt\/wp-json\/wp\/v2\/product\/11486\/revisions\/30014"}],"wp:featuredmedia":[{"embeddable":true,"href":"https:\/\/shop.vallin.lv\/lt\/wp-json\/wp\/v2\/product\/11486"}],"wp:attachment":[{"href":"https:\/\/shop.vallin.lv\/lt\/wp-json\/wp\/v2\/media?parent=11486"}],"wp:term":[{"taxonomy":"product_brand","embeddable":true,"href":"https:\/\/shop.vallin.lv\/lt\/wp-json\/wp\/v2\/product_brand?post=11486"},{"taxonomy":"product_cat","embeddable":true,"href":"https:\/\/shop.vallin.lv\/lt\/wp-json\/wp\/v2\/product_cat?post=11486"},{"taxonomy":"product_tag","embeddable":true,"href":"https:\/\/shop.vallin.lv\/lt\/wp-json\/wp\/v2\/product_tag?post=11486"}],"curies":[{"name":"wp","href":"https:\/\/api.w.org\/{rel}","templated":true}]}}