{"id":11483,"date":"2025-11-19T23:46:33","date_gmt":"2025-11-19T21:46:33","guid":{"rendered":"https:\/\/shop.vallin.lv\/product\/cable-cat-6-u-utp-lszh-dca-s2d2a1-box-305m\/"},"modified":"2026-04-22T09:39:25","modified_gmt":"2026-04-22T07:39:25","slug":"cable-cat-6-u-utp-lszh-dca-s2d2a1-box-305m","status":"publish","type":"product","link":"https:\/\/shop.vallin.lv\/lt\/produktas\/cable-cat-6-u-utp-lszh-dca-s2d2a1-box-305m\/","title":{"rendered":"Kabelis Cat.6 U\/UTP LSZH Dca-s2,d2,a1 (305m)"},"content":{"rendered":"<p>Performance specified up to 250MHz and tested up to 550MHz. Decreasing length cable markings. Easy identification of remaining cable reduces installation time and cable scrap. Designed to Support all Class E protocols including 1GBASE-T.<\/p>\n<p>Duomen\u0173 lapas:<br \/>\n<a href=\"https:\/\/barpa.eu\/wp-content\/uploads\/2024\/06\/b7_4_en_cable_cat6_utp_23awg_lszh-1.pdf\" target=\"_blank\" rel=\"noopener\">Per\u017ei\u016br\u0117ti<\/a><\/p>","protected":false},"excerpt":{"rendered":"<p>Performance specified up to 250MHz and tested up to 550MHz. Decreasing length cable markings. Easy identification of remaining cable reduces<\/p>","protected":false},"featured_media":11483,"template":"","meta":[],"product_brand":[],"product_cat":[732],"product_tag":[],"class_list":{"0":"post-11483","1":"product","2":"type-product","3":"status-publish","4":"has-post-thumbnail","6":"product_cat-cat6","8":"first","9":"instock","10":"taxable","11":"shipping-taxable","12":"purchasable","13":"product-type-simple"},"_links":{"self":[{"href":"https:\/\/shop.vallin.lv\/lt\/wp-json\/wp\/v2\/product\/11483","targetHints":{"allow":["GET"]}}],"collection":[{"href":"https:\/\/shop.vallin.lv\/lt\/wp-json\/wp\/v2\/product"}],"about":[{"href":"https:\/\/shop.vallin.lv\/lt\/wp-json\/wp\/v2\/types\/product"}],"version-history":[{"count":2,"href":"https:\/\/shop.vallin.lv\/lt\/wp-json\/wp\/v2\/product\/11483\/revisions"}],"predecessor-version":[{"id":30011,"href":"https:\/\/shop.vallin.lv\/lt\/wp-json\/wp\/v2\/product\/11483\/revisions\/30011"}],"wp:featuredmedia":[{"embeddable":true,"href":"https:\/\/shop.vallin.lv\/lt\/wp-json\/wp\/v2\/product\/11483"}],"wp:attachment":[{"href":"https:\/\/shop.vallin.lv\/lt\/wp-json\/wp\/v2\/media?parent=11483"}],"wp:term":[{"taxonomy":"product_brand","embeddable":true,"href":"https:\/\/shop.vallin.lv\/lt\/wp-json\/wp\/v2\/product_brand?post=11483"},{"taxonomy":"product_cat","embeddable":true,"href":"https:\/\/shop.vallin.lv\/lt\/wp-json\/wp\/v2\/product_cat?post=11483"},{"taxonomy":"product_tag","embeddable":true,"href":"https:\/\/shop.vallin.lv\/lt\/wp-json\/wp\/v2\/product_tag?post=11483"}],"curies":[{"name":"wp","href":"https:\/\/api.w.org\/{rel}","templated":true}]}}