{"id":11482,"date":"2025-11-19T23:46:29","date_gmt":"2025-11-19T21:46:29","guid":{"rendered":"https:\/\/shop.vallin.lv\/product\/patch-cord-cat-6a-u-utp-lszh-grey-05m\/"},"modified":"2026-04-21T10:29:00","modified_gmt":"2026-04-21T08:29:00","slug":"patch-cord-cat-6a-u-utp-lszh-grey-05m","status":"publish","type":"product","link":"https:\/\/shop.vallin.lv\/lt\/produktas\/patch-cord-cat-6a-u-utp-lszh-grey-05m\/","title":{"rendered":"Patch laidas Cat.6a U\/UTP LSZH Pilka 0,5m"},"content":{"rendered":"<p>The barpa Category 6A UTP (Unscreened Twisted Pair) patch cord belongs to the barpa 10G cabling system. Supports all applications up to 500MHz.<\/p>\n<p>Duomen\u0173 lapas:<br \/>\n<a href=\"https:\/\/barpa.eu\/wp-content\/uploads\/2024\/06\/b31_4_en_patch_cord_cat6a_uutp_lszh.pdf\" target=\"_blank\" rel=\"noopener\">Per\u017ei\u016br\u0117ti<\/a><\/p>","protected":false},"excerpt":{"rendered":"<p>The barpa Category 6A UTP (Unscreened Twisted Pair) patch cord belongs to the barpa 10G cabling system. Supports all applications<\/p>","protected":false},"featured_media":11482,"template":"","meta":[],"product_brand":[],"product_cat":[743],"product_tag":[],"class_list":{"0":"post-11482","1":"product","2":"type-product","3":"status-publish","4":"has-post-thumbnail","6":"product_cat-cat6a-patch-cords","8":"first","9":"instock","10":"taxable","11":"shipping-taxable","12":"purchasable","13":"product-type-simple"},"_links":{"self":[{"href":"https:\/\/shop.vallin.lv\/lt\/wp-json\/wp\/v2\/product\/11482","targetHints":{"allow":["GET"]}}],"collection":[{"href":"https:\/\/shop.vallin.lv\/lt\/wp-json\/wp\/v2\/product"}],"about":[{"href":"https:\/\/shop.vallin.lv\/lt\/wp-json\/wp\/v2\/types\/product"}],"version-history":[{"count":2,"href":"https:\/\/shop.vallin.lv\/lt\/wp-json\/wp\/v2\/product\/11482\/revisions"}],"predecessor-version":[{"id":30010,"href":"https:\/\/shop.vallin.lv\/lt\/wp-json\/wp\/v2\/product\/11482\/revisions\/30010"}],"wp:featuredmedia":[{"embeddable":true,"href":"https:\/\/shop.vallin.lv\/lt\/wp-json\/wp\/v2\/product\/11482"}],"wp:attachment":[{"href":"https:\/\/shop.vallin.lv\/lt\/wp-json\/wp\/v2\/media?parent=11482"}],"wp:term":[{"taxonomy":"product_brand","embeddable":true,"href":"https:\/\/shop.vallin.lv\/lt\/wp-json\/wp\/v2\/product_brand?post=11482"},{"taxonomy":"product_cat","embeddable":true,"href":"https:\/\/shop.vallin.lv\/lt\/wp-json\/wp\/v2\/product_cat?post=11482"},{"taxonomy":"product_tag","embeddable":true,"href":"https:\/\/shop.vallin.lv\/lt\/wp-json\/wp\/v2\/product_tag?post=11482"}],"curies":[{"name":"wp","href":"https:\/\/api.w.org\/{rel}","templated":true}]}}