{"id":11480,"date":"2025-11-19T23:46:20","date_gmt":"2025-11-19T21:46:20","guid":{"rendered":"https:\/\/shop.vallin.lv\/product\/patch-cord-cat-6-u-utp-lszh-grey-2m\/"},"modified":"2026-04-21T10:28:59","modified_gmt":"2026-04-21T08:28:59","slug":"patch-cord-cat-6-u-utp-lszh-grey-2m","status":"publish","type":"product","link":"https:\/\/shop.vallin.lv\/lt\/produktas\/patch-cord-cat-6-u-utp-lszh-grey-2m\/","title":{"rendered":"Komutacinis kabelis Cat.6 U\/UTP LSZH Grey 2m"},"content":{"rendered":"<p>The barpa Category 6 UTP (Unscreened Twisted Pair) patch cord belongs to the barpa cabling system. Supports all applications up to 250MHz.<\/p>\n<p>Duomen\u0173 lapas:<br \/>\n<a href=\"https:\/\/barpa.eu\/wp-content\/uploads\/2024\/06\/b29_3_en_patch_cord_cat6_uutp_lszh.pdf\" target=\"_blank\" rel=\"noopener\">Per\u017ei\u016br\u0117ti<\/a><\/p>","protected":false},"excerpt":{"rendered":"<p>The barpa Category 6 UTP (Unscreened Twisted Pair) patch cord belongs to the barpa cabling system. Supports all applications up<\/p>","protected":false},"featured_media":11480,"template":"","meta":[],"product_brand":[],"product_cat":[742],"product_tag":[],"class_list":{"0":"post-11480","1":"product","2":"type-product","3":"status-publish","4":"has-post-thumbnail","6":"product_cat-cat6-patch-cords","8":"first","9":"instock","10":"taxable","11":"shipping-taxable","12":"purchasable","13":"product-type-simple"},"_links":{"self":[{"href":"https:\/\/shop.vallin.lv\/lt\/wp-json\/wp\/v2\/product\/11480","targetHints":{"allow":["GET"]}}],"collection":[{"href":"https:\/\/shop.vallin.lv\/lt\/wp-json\/wp\/v2\/product"}],"about":[{"href":"https:\/\/shop.vallin.lv\/lt\/wp-json\/wp\/v2\/types\/product"}],"version-history":[{"count":2,"href":"https:\/\/shop.vallin.lv\/lt\/wp-json\/wp\/v2\/product\/11480\/revisions"}],"predecessor-version":[{"id":30008,"href":"https:\/\/shop.vallin.lv\/lt\/wp-json\/wp\/v2\/product\/11480\/revisions\/30008"}],"wp:featuredmedia":[{"embeddable":true,"href":"https:\/\/shop.vallin.lv\/lt\/wp-json\/wp\/v2\/product\/11480"}],"wp:attachment":[{"href":"https:\/\/shop.vallin.lv\/lt\/wp-json\/wp\/v2\/media?parent=11480"}],"wp:term":[{"taxonomy":"product_brand","embeddable":true,"href":"https:\/\/shop.vallin.lv\/lt\/wp-json\/wp\/v2\/product_brand?post=11480"},{"taxonomy":"product_cat","embeddable":true,"href":"https:\/\/shop.vallin.lv\/lt\/wp-json\/wp\/v2\/product_cat?post=11480"},{"taxonomy":"product_tag","embeddable":true,"href":"https:\/\/shop.vallin.lv\/lt\/wp-json\/wp\/v2\/product_tag?post=11480"}],"curies":[{"name":"wp","href":"https:\/\/api.w.org\/{rel}","templated":true}]}}