{"id":11471,"date":"2025-11-19T23:45:40","date_gmt":"2025-11-19T21:45:40","guid":{"rendered":"https:\/\/shop.vallin.lv\/product\/surface-2-ports-data-outlet-amp-dr-2001\/"},"modified":"2026-04-24T13:56:05","modified_gmt":"2026-04-24T11:56:05","slug":"surface-2-ports-data-outlet-amp-dr-2001","status":"publish","type":"product","link":"https:\/\/shop.vallin.lv\/lt\/produktas\/surface-2-ports-data-outlet-amp-dr-2001\/","title":{"rendered":"Pavir\u0161iaus 2 uost\u0173 duomen\u0173 lizdas (AMP) DR-2001"},"content":{"rendered":"<p>Pavir\u0161iaus 2 uost\u0173 duomen\u0173 lizdas (AMP) DR-2001<\/p>","protected":false},"excerpt":{"rendered":"<p>Pavir\u0161iaus 2 uost\u0173 duomen\u0173 lizdas (AMP) DR-2001<\/p>","protected":false},"featured_media":11471,"template":"","meta":[],"product_brand":[],"product_cat":[339],"product_tag":[],"class_list":{"0":"post-11471","1":"product","2":"type-product","3":"status-publish","4":"has-post-thumbnail","6":"product_cat-accessories-structured-cabling-system","8":"first","9":"instock","10":"taxable","11":"shipping-taxable","12":"purchasable","13":"product-type-simple"},"_links":{"self":[{"href":"https:\/\/shop.vallin.lv\/lt\/wp-json\/wp\/v2\/product\/11471","targetHints":{"allow":["GET"]}}],"collection":[{"href":"https:\/\/shop.vallin.lv\/lt\/wp-json\/wp\/v2\/product"}],"about":[{"href":"https:\/\/shop.vallin.lv\/lt\/wp-json\/wp\/v2\/types\/product"}],"version-history":[{"count":1,"href":"https:\/\/shop.vallin.lv\/lt\/wp-json\/wp\/v2\/product\/11471\/revisions"}],"predecessor-version":[{"id":29999,"href":"https:\/\/shop.vallin.lv\/lt\/wp-json\/wp\/v2\/product\/11471\/revisions\/29999"}],"wp:featuredmedia":[{"embeddable":true,"href":"https:\/\/shop.vallin.lv\/lt\/wp-json\/wp\/v2\/product\/11471"}],"wp:attachment":[{"href":"https:\/\/shop.vallin.lv\/lt\/wp-json\/wp\/v2\/media?parent=11471"}],"wp:term":[{"taxonomy":"product_brand","embeddable":true,"href":"https:\/\/shop.vallin.lv\/lt\/wp-json\/wp\/v2\/product_brand?post=11471"},{"taxonomy":"product_cat","embeddable":true,"href":"https:\/\/shop.vallin.lv\/lt\/wp-json\/wp\/v2\/product_cat?post=11471"},{"taxonomy":"product_tag","embeddable":true,"href":"https:\/\/shop.vallin.lv\/lt\/wp-json\/wp\/v2\/product_tag?post=11471"}],"curies":[{"name":"wp","href":"https:\/\/api.w.org\/{rel}","templated":true}]}}