{"id":11469,"date":"2025-11-19T23:45:31","date_gmt":"2025-11-19T21:45:31","guid":{"rendered":"https:\/\/shop.vallin.lv\/product\/module-45-x-45-mm-1-x-rj45-with-dustproof-shutter-cat-5e-6-6a\/"},"modified":"2026-04-21T10:29:02","modified_gmt":"2026-04-21T08:29:02","slug":"module-45-x-45-mm-1-x-rj45-with-dustproof-shutter-cat-5e-6-6a","status":"publish","type":"product","link":"https:\/\/shop.vallin.lv\/lt\/produktas\/module-45-x-45-mm-1-x-rj45-with-dustproof-shutter-cat-5e-6-6a\/","title":{"rendered":"Modulis 45 x 45 mm, 1 x RJ45 su nuo dulki\u0173 apsaugan\u010diu u\u017eraktu, Cat. 5e\/6\/6a"},"content":{"rendered":"<p>OPENETICS 45 x 45 mm module, 1 x RJ45 with dustproof shutter, Cat. 5e\/6\/6a<\/p>","protected":false},"excerpt":{"rendered":"<p>OPENETICS 45 x 45 mm module, 1 x RJ45 with dustproof shutter, Cat. 5e\/6\/6a<\/p>","protected":false},"featured_media":11469,"template":"","meta":[],"product_brand":[],"product_cat":[339],"product_tag":[],"class_list":{"0":"post-11469","1":"product","2":"type-product","3":"status-publish","4":"has-post-thumbnail","6":"product_cat-accessories-structured-cabling-system","8":"first","9":"instock","10":"taxable","11":"shipping-taxable","12":"purchasable","13":"product-type-simple"},"_links":{"self":[{"href":"https:\/\/shop.vallin.lv\/lt\/wp-json\/wp\/v2\/product\/11469","targetHints":{"allow":["GET"]}}],"collection":[{"href":"https:\/\/shop.vallin.lv\/lt\/wp-json\/wp\/v2\/product"}],"about":[{"href":"https:\/\/shop.vallin.lv\/lt\/wp-json\/wp\/v2\/types\/product"}],"version-history":[{"count":2,"href":"https:\/\/shop.vallin.lv\/lt\/wp-json\/wp\/v2\/product\/11469\/revisions"}],"predecessor-version":[{"id":29997,"href":"https:\/\/shop.vallin.lv\/lt\/wp-json\/wp\/v2\/product\/11469\/revisions\/29997"}],"wp:featuredmedia":[{"embeddable":true,"href":"https:\/\/shop.vallin.lv\/lt\/wp-json\/wp\/v2\/product\/11469"}],"wp:attachment":[{"href":"https:\/\/shop.vallin.lv\/lt\/wp-json\/wp\/v2\/media?parent=11469"}],"wp:term":[{"taxonomy":"product_brand","embeddable":true,"href":"https:\/\/shop.vallin.lv\/lt\/wp-json\/wp\/v2\/product_brand?post=11469"},{"taxonomy":"product_cat","embeddable":true,"href":"https:\/\/shop.vallin.lv\/lt\/wp-json\/wp\/v2\/product_cat?post=11469"},{"taxonomy":"product_tag","embeddable":true,"href":"https:\/\/shop.vallin.lv\/lt\/wp-json\/wp\/v2\/product_tag?post=11469"}],"curies":[{"name":"wp","href":"https:\/\/api.w.org\/{rel}","templated":true}]}}