{"id":11430,"date":"2025-11-19T23:42:23","date_gmt":"2025-11-19T21:42:23","guid":{"rendered":"https:\/\/shop.vallin.lv\/product\/patch-panel-bkt-19-1u-cat-6-utp-24xkeystone-black\/"},"modified":"2026-04-24T13:55:50","modified_gmt":"2026-04-24T11:55:50","slug":"patch-panel-bkt-19-1u-cat-6-utp-24xkeystone-black","status":"publish","type":"product","link":"https:\/\/shop.vallin.lv\/lt\/produktas\/patch-panel-bkt-19-1u-cat-6-utp-24xkeystone-black\/","title":{"rendered":"Pleistras BKT 19'' 1U, Cat.6, UTP, 24xkeystone, juodas"},"content":{"rendered":"<p>Patch panel BKT 19'' 1U, IDC, cat.6, UTP, 24xkeystone, black<\/p>\n<p>Duomen\u0173 lapas:<br \/>\n<a href=\"https:\/\/handler.shop.vallin.lv\/images\/VALLINSHOP\/Telecom\/Specification\/Catalog-BKT-EN.pdf\" target=\"_blank\">Per\u017ei\u016br\u0117ti<\/a><\/p>","protected":false},"excerpt":{"rendered":"<p>Patch panel BKT 19&#8221; 1U, IDC, cat.6, UTP, 24xkeystone, black Data Sheet: View<\/p>","protected":false},"featured_media":11430,"template":"","meta":[],"product_brand":[],"product_cat":[738],"product_tag":[],"class_list":{"0":"post-11430","1":"product","2":"type-product","3":"status-publish","4":"has-post-thumbnail","6":"product_cat-cat6-patch-panels","8":"first","9":"instock","10":"taxable","11":"shipping-taxable","12":"purchasable","13":"product-type-simple"},"_links":{"self":[{"href":"https:\/\/shop.vallin.lv\/lt\/wp-json\/wp\/v2\/product\/11430","targetHints":{"allow":["GET"]}}],"collection":[{"href":"https:\/\/shop.vallin.lv\/lt\/wp-json\/wp\/v2\/product"}],"about":[{"href":"https:\/\/shop.vallin.lv\/lt\/wp-json\/wp\/v2\/types\/product"}],"version-history":[{"count":3,"href":"https:\/\/shop.vallin.lv\/lt\/wp-json\/wp\/v2\/product\/11430\/revisions"}],"predecessor-version":[{"id":41510,"href":"https:\/\/shop.vallin.lv\/lt\/wp-json\/wp\/v2\/product\/11430\/revisions\/41510"}],"wp:featuredmedia":[{"embeddable":true,"href":"https:\/\/shop.vallin.lv\/lt\/wp-json\/wp\/v2\/product\/11430"}],"wp:attachment":[{"href":"https:\/\/shop.vallin.lv\/lt\/wp-json\/wp\/v2\/media?parent=11430"}],"wp:term":[{"taxonomy":"product_brand","embeddable":true,"href":"https:\/\/shop.vallin.lv\/lt\/wp-json\/wp\/v2\/product_brand?post=11430"},{"taxonomy":"product_cat","embeddable":true,"href":"https:\/\/shop.vallin.lv\/lt\/wp-json\/wp\/v2\/product_cat?post=11430"},{"taxonomy":"product_tag","embeddable":true,"href":"https:\/\/shop.vallin.lv\/lt\/wp-json\/wp\/v2\/product_tag?post=11430"}],"curies":[{"name":"wp","href":"https:\/\/api.w.org\/{rel}","templated":true}]}}