{"id":11416,"date":"2025-11-19T23:41:20","date_gmt":"2025-11-19T21:41:20","guid":{"rendered":"https:\/\/shop.vallin.lv\/product\/cat-6-cable-u-ftp-lshf-solid-wire-blue-box-500m\/"},"modified":"2026-04-22T09:39:26","modified_gmt":"2026-04-22T07:39:26","slug":"cat-6-cable-u-ftp-lshf-solid-wire-blue-box-500m","status":"publish","type":"product","link":"https:\/\/shop.vallin.lv\/lt\/produktas\/cat-6-cable-u-ftp-lshf-solid-wire-blue-box-500m\/","title":{"rendered":"Cat.6 kabelis, U\/FTP, LSHF, vientisos vielos, m\u0117lyna, (d\u0117\u017eut\u0117 500m)"},"content":{"rendered":"<p>Cat.6 cable, U\/FTP, BKT 455, LSHF, solid wire, blue, Dca -s2,d1,a1 (box 500m)<\/p>","protected":false},"excerpt":{"rendered":"<p>Cat.6 cable, U\/FTP, BKT 455, LSHF, solid wire, blue, Dca -s2,d1,a1 (box 500m)<\/p>","protected":false},"featured_media":11416,"template":"","meta":[],"product_brand":[],"product_cat":[732],"product_tag":[],"class_list":{"0":"post-11416","1":"product","2":"type-product","3":"status-publish","4":"has-post-thumbnail","6":"product_cat-cat6","8":"first","9":"instock","10":"taxable","11":"shipping-taxable","12":"purchasable","13":"product-type-simple"},"_links":{"self":[{"href":"https:\/\/shop.vallin.lv\/lt\/wp-json\/wp\/v2\/product\/11416","targetHints":{"allow":["GET"]}}],"collection":[{"href":"https:\/\/shop.vallin.lv\/lt\/wp-json\/wp\/v2\/product"}],"about":[{"href":"https:\/\/shop.vallin.lv\/lt\/wp-json\/wp\/v2\/types\/product"}],"version-history":[{"count":2,"href":"https:\/\/shop.vallin.lv\/lt\/wp-json\/wp\/v2\/product\/11416\/revisions"}],"predecessor-version":[{"id":29944,"href":"https:\/\/shop.vallin.lv\/lt\/wp-json\/wp\/v2\/product\/11416\/revisions\/29944"}],"wp:featuredmedia":[{"embeddable":true,"href":"https:\/\/shop.vallin.lv\/lt\/wp-json\/wp\/v2\/product\/11416"}],"wp:attachment":[{"href":"https:\/\/shop.vallin.lv\/lt\/wp-json\/wp\/v2\/media?parent=11416"}],"wp:term":[{"taxonomy":"product_brand","embeddable":true,"href":"https:\/\/shop.vallin.lv\/lt\/wp-json\/wp\/v2\/product_brand?post=11416"},{"taxonomy":"product_cat","embeddable":true,"href":"https:\/\/shop.vallin.lv\/lt\/wp-json\/wp\/v2\/product_cat?post=11416"},{"taxonomy":"product_tag","embeddable":true,"href":"https:\/\/shop.vallin.lv\/lt\/wp-json\/wp\/v2\/product_tag?post=11416"}],"curies":[{"name":"wp","href":"https:\/\/api.w.org\/{rel}","templated":true}]}}