{"id":11411,"date":"2025-11-19T23:40:57","date_gmt":"2025-11-19T21:40:57","guid":{"rendered":"https:\/\/shop.vallin.lv\/product\/optical-cable-48f-g652d-m12-pe-mdv-pe-c1-silec-prysmian\/"},"modified":"2026-03-12T15:30:30","modified_gmt":"2026-03-12T13:30:30","slug":"optical-cable-48f-g652d-m12-pe-mdv-pe-c1-silec-prysmian","status":"publish","type":"product","link":"https:\/\/shop.vallin.lv\/lt\/produktas\/optical-cable-48f-g652d-m12-pe-mdv-pe-c1-silec-prysmian\/","title":{"rendered":"Optinis kabelis 48F G652d M12 PE\/MDV\/PE (C1) Silec\/Prysmian"},"content":{"rendered":"<p>DUCT \/ BURIED DIELECTRIC WATERTIGHT \u00b5SHEATH\u00ae CABLE<br \/>\nWITH 48 G652D SM OF (12 f\/module)<br \/>\nGLASS YARNS, BLACK POLYETHYLENE OUTER SHEATH<br \/>\nAverage outer diameter: 11.6 (\u00b1 0.5) mm<br \/>\nApproximate weight: 110 kg\/km<br \/>\nCONSTITUTION:<br \/>\nAssembly of 4 modules with 12 fibres, filled with waterblocking compound - Swellable element in assembly - Synthetic tape on assembly - 4 non metallic strengthening elements incorporated inside the sheath - Polyethylene inner sheath - Glass yarns, longitudinally applied - Orange Polyethylene outer sheath (1.5 mm thick)<\/p>\n<p>Duomen\u0173 lapas:<br \/>\n<a href=\"https:\/\/handler.shop.vallin.lv\/images\/VALLINSHOP\/Telecom\/Specification\/DB-design-cable-12-288f.pdf\" target=\"_blank\">Per\u017ei\u016br\u0117ti<\/a><\/p>\n<p>Sertifikatas:<br \/>\n<a href=\"\/lt\/dekl (GeneralCable)\/\" target=\"_blank\">\/Telekomunikacijos\/Sertifikatas\/dekl (GeneralCable)<\/a><\/p>","protected":false},"excerpt":{"rendered":"<p>DUCT \/ BURIED DIELECTRIC WATERTIGHT \u00b5SHEATH\u00ae CABLE WITH 48 G652D SM OF (12 f\/module) GLASS YARNS, BLACK POLYETHYLENE OUTER SHEATH<\/p>","protected":false},"featured_media":11411,"template":"","meta":[],"product_brand":[],"product_cat":[549],"product_tag":[],"class_list":{"0":"post-11411","1":"product","2":"type-product","3":"status-publish","4":"has-post-thumbnail","6":"product_cat-single-mode-sm-9-125","8":"first","9":"outofstock","10":"taxable","11":"shipping-taxable","12":"purchasable","13":"product-type-simple"},"_links":{"self":[{"href":"https:\/\/shop.vallin.lv\/lt\/wp-json\/wp\/v2\/product\/11411","targetHints":{"allow":["GET"]}}],"collection":[{"href":"https:\/\/shop.vallin.lv\/lt\/wp-json\/wp\/v2\/product"}],"about":[{"href":"https:\/\/shop.vallin.lv\/lt\/wp-json\/wp\/v2\/types\/product"}],"version-history":[{"count":3,"href":"https:\/\/shop.vallin.lv\/lt\/wp-json\/wp\/v2\/product\/11411\/revisions"}],"predecessor-version":[{"id":41499,"href":"https:\/\/shop.vallin.lv\/lt\/wp-json\/wp\/v2\/product\/11411\/revisions\/41499"}],"wp:featuredmedia":[{"embeddable":true,"href":"https:\/\/shop.vallin.lv\/lt\/wp-json\/wp\/v2\/product\/11411"}],"wp:attachment":[{"href":"https:\/\/shop.vallin.lv\/lt\/wp-json\/wp\/v2\/media?parent=11411"}],"wp:term":[{"taxonomy":"product_brand","embeddable":true,"href":"https:\/\/shop.vallin.lv\/lt\/wp-json\/wp\/v2\/product_brand?post=11411"},{"taxonomy":"product_cat","embeddable":true,"href":"https:\/\/shop.vallin.lv\/lt\/wp-json\/wp\/v2\/product_cat?post=11411"},{"taxonomy":"product_tag","embeddable":true,"href":"https:\/\/shop.vallin.lv\/lt\/wp-json\/wp\/v2\/product_tag?post=11411"}],"curies":[{"name":"wp","href":"https:\/\/api.w.org\/{rel}","templated":true}]}}