{"id":285,"date":"2022-05-23T11:11:12","date_gmt":"2022-05-23T11:11:12","guid":{"rendered":"http:\/\/dummy.xtemos.com\/woodmart2\/megamarket-elementor\/?page_id=285"},"modified":"2025-12-19T11:46:36","modified_gmt":"2025-12-19T09:46:36","slug":"promotions","status":"publish","type":"page","link":"https:\/\/shop.vallin.lv\/lt\/promotions\/","title":{"rendered":"Akcijos"},"content":{"rendered":"<div data-elementor-type=\"wp-page\" data-elementor-id=\"285\" class=\"elementor elementor-285\" data-elementor-post-type=\"page\">\n\t\t\t\t<div class=\"wd-negative-gap elementor-element elementor-element-638aa19 e-flex e-con-boxed e-con e-parent\" data-id=\"638aa19\" data-element_type=\"container\" data-e-type=\"container\" data-settings=\"{&quot;background_background&quot;:&quot;classic&quot;}\">\n\t\t\t\t\t<div class=\"e-con-inner\">\n\t\t\t\t<div class=\"elementor-element elementor-element-ffdcf7e wd-width-100 elementor-widget elementor-widget-wd_title\" data-id=\"ffdcf7e\" data-element_type=\"widget\" data-e-type=\"widget\" data-widget_type=\"wd_title.default\">\n\t\t\t\t<div class=\"elementor-widget-container\">\n\t\t\t\t\t\t\t<div class=\"title-wrapper wd-set-mb reset-last-child wd-title-color-default wd-title-style-default wd-title-size-large text-left\">\n\n\t\t\t\n\t\t\t<div class=\"liner-continer\">\n\t\t\t\t<h4 class=\"woodmart-title-container title wd-fontsize-xxl\">Akcijos<\/h4> \n\t\t\t\t\t\t\t<\/div>\n\n\t\t\t\t\t<\/div>\n\t\t\t\t\t\t<\/div>\n\t\t\t\t<\/div>\n\t\t<div class=\"elementor-element elementor-element-201aa16 e-con-full e-flex e-con e-child\" data-id=\"201aa16\" data-element_type=\"container\" data-e-type=\"container\">\n\t\t<div class=\"elementor-element elementor-element-8201b8b e-con-full e-flex e-con e-child\" data-id=\"8201b8b\" data-element_type=\"container\" data-e-type=\"container\">\n\t\t\t\t<div class=\"elementor-element elementor-element-d8afccf elementor-widget elementor-widget-wd_banner\" data-id=\"d8afccf\" data-element_type=\"widget\" data-e-type=\"widget\" data-widget_type=\"wd_banner.default\">\n\t\t\t\t<div class=\"elementor-widget-container\">\n\t\t\t\t\t\t\t<div class=\"promo-banner-wrapper\">\n\t\t\t<div class=\"promo-banner banner-mask banner-hover-zoom color-scheme-light banner-btn-size-default banner-btn-style-default with-btn banner-btn-position-static wd-with-link\">\n\t\t\t\t<div class=\"main-wrapp-img\">\n\t\t\t\t\t<div class=\"banner-image\">\n\t\t\t\t\t\t\t\t\t\t\t\t\t\t\t\t\t\t\t\t\t<img loading=\"lazy\" decoding=\"async\" width=\"1270\" height=\"846\" src=\"https:\/\/shop.vallin.lv\/wp-content\/uploads\/2025\/11\/Universal-24-port-19.jpg\" class=\"attachment-full size-full\" alt=\"\" srcset=\"https:\/\/shop.vallin.lv\/wp-content\/uploads\/2025\/11\/Universal-24-port-19.jpg 1270w, https:\/\/shop.vallin.lv\/wp-content\/uploads\/2025\/11\/Universal-24-port-19-300x200.jpg 300w, https:\/\/shop.vallin.lv\/wp-content\/uploads\/2025\/11\/Universal-24-port-19-1024x682.jpg 1024w, https:\/\/shop.vallin.lv\/wp-content\/uploads\/2025\/11\/Universal-24-port-19-768x512.jpg 768w, https:\/\/shop.vallin.lv\/wp-content\/uploads\/2025\/11\/Universal-24-port-19-1200x799.jpg 1200w, https:\/\/shop.vallin.lv\/wp-content\/uploads\/2025\/11\/Universal-24-port-19-150x100.jpg 150w\" sizes=\"auto, (max-width: 1270px) 100vw, 1270px\" \/>\t\t\t\t\t\t\t\t\t\t\t\t\t\t\t\t\t\t<\/div>\n\t\t\t\t<\/div>\n\n\t\t\t\t<div class=\"wrapper-content-banner wd-fill wd-items-bottom wd-justify-left\">\n\t\t\t\t\t<div class=\"content-banner  text-left\">\n\t\t\t\t\t\t\n\t\t\t\t\t\t\t\t\t\t\t\t\t<h4 class=\"banner-title wd-fontsize-l\" data-elementor-setting-key=\"title\">\n\t\t\t\t\t\t\t\tSpecialus pasi\u016blymas kompozicin\u0117ms plok\u0161t\u0117ms!\t\t\t\t\t\t\t<\/h4>\n\t\t\t\t\t\t\n\t\t\t\t\t\t\n\t\t\t\t\t\t\n\t\t\t\t\t\t\t\t\t\t\t\t\t<div class=\"banner-btn-wrapper\">\n\t\t\t\t\t\t\t\t\t\t<div class=\"wd-button-wrapper text-left\" >\n\t\t\t<a class=\"btn btn-style-default btn-shape-rectangle btn-size-default btn-color-primary btn-icon-pos-right\"  href=\"https:\/\/shop.vallin.lv\/lt\/special-offer\/\" target=\"_blank\">\n\t\t\t\t<span class=\"wd-btn-text\" data-elementor-setting-key=\"text\">\n\t\t\t\t\tSkaityti daugiau\t\t\t\t<\/span>\n\n\t\t\t\t\t\t\t<\/a>\n\t\t<\/div>\n\t\t\t\t\t\t\t\t\t<\/div>\n\t\t\t\t\t\t\t\t\t\t\t<\/div>\n\t\t\t\t<\/div>\n\n\t\t\t\t\t\t\t\t\t<a href=\"https:\/\/shop.vallin.lv\/lt\/special-offer\/\" target=\"_blank\" class=\"wd-promo-banner-link wd-fill\" aria-label=\"Banner link\"><\/a>\n\t\t\t\t\t\t\t<\/div>\n\t\t<\/div>\n\t\t\t\t\t\t<\/div>\n\t\t\t\t<\/div>\n\t\t\t\t<div class=\"elementor-element elementor-element-5b6d4ab elementor-widget elementor-widget-wd_button\" data-id=\"5b6d4ab\" data-element_type=\"widget\" data-e-type=\"widget\" data-widget_type=\"wd_button.default\">\n\t\t\t\t<div class=\"elementor-widget-container\">\n\t\t\t\t\t\t\t<div class=\"wd-button-wrapper text-center\" >\n\t\t\t<a class=\"btn btn-style-default btn-shape-rectangle btn-size-default btn-color-primary btn-icon-pos-right\"  href=\"\/lt\/produktas\/fo-patch-panel-rack-24-port-1u-double-front-scsx-lcdx-scdx-lcq\/\">\n\t\t\t\t<span class=\"wd-btn-text\" data-elementor-setting-key=\"text\">\n\t\t\t\t\tPIRKTI DABAR\t\t\t\t<\/span>\n\n\t\t\t\t\t\t\t<\/a>\n\t\t<\/div>\n\t\t\t\t\t\t<\/div>\n\t\t\t\t<\/div>\n\t\t\t\t<\/div>\n\t\t<div class=\"elementor-element elementor-element-dca88d5 e-con-full e-flex e-con e-child\" data-id=\"dca88d5\" data-element_type=\"container\" data-e-type=\"container\">\n\t\t\t\t<div class=\"elementor-element elementor-element-9b65a64 elementor-widget elementor-widget-wd_banner\" data-id=\"9b65a64\" data-element_type=\"widget\" data-e-type=\"widget\" data-widget_type=\"wd_banner.default\">\n\t\t\t\t<div class=\"elementor-widget-container\">\n\t\t\t\t\t\t\t<div class=\"promo-banner-wrapper\">\n\t\t\t<div class=\"promo-banner banner-mask banner-hover-zoom color-scheme-light banner-btn-size-default banner-btn-style-default with-btn banner-btn-position-static wd-with-link\">\n\t\t\t\t<div class=\"main-wrapp-img\">\n\t\t\t\t\t<div class=\"banner-image\">\n\t\t\t\t\t\t\t\t\t\t\t\t\t\t\t\t\t\t\t\t\t<img loading=\"lazy\" decoding=\"async\" width=\"1005\" height=\"560\" src=\"https:\/\/shop.vallin.lv\/wp-content\/uploads\/2025\/11\/Cat.6a-UTP-Keystone.png\" class=\"attachment-full size-full\" alt=\"\" srcset=\"https:\/\/shop.vallin.lv\/wp-content\/uploads\/2025\/11\/Cat.6a-UTP-Keystone.png 1005w, https:\/\/shop.vallin.lv\/wp-content\/uploads\/2025\/11\/Cat.6a-UTP-Keystone-300x167.png 300w, https:\/\/shop.vallin.lv\/wp-content\/uploads\/2025\/11\/Cat.6a-UTP-Keystone-768x428.png 768w, https:\/\/shop.vallin.lv\/wp-content\/uploads\/2025\/11\/Cat.6a-UTP-Keystone-150x84.png 150w\" sizes=\"auto, (max-width: 1005px) 100vw, 1005px\" \/>\t\t\t\t\t\t\t\t\t\t\t\t\t\t\t\t\t\t<\/div>\n\t\t\t\t<\/div>\n\n\t\t\t\t<div class=\"wrapper-content-banner wd-fill wd-items-bottom wd-justify-left\">\n\t\t\t\t\t<div class=\"content-banner  text-left\">\n\t\t\t\t\t\t\n\t\t\t\t\t\t\t\t\t\t\t\t\t<h4 class=\"banner-title wd-fontsize-l\" data-elementor-setting-key=\"title\">\n\t\t\t\t\t\t\t\tLaikinas pasi\u016blymas: Cat.6a UTP Keystone!\t\t\t\t\t\t\t<\/h4>\n\t\t\t\t\t\t\n\t\t\t\t\t\t\n\t\t\t\t\t\t\n\t\t\t\t\t\t\t\t\t\t\t\t\t<div class=\"banner-btn-wrapper\">\n\t\t\t\t\t\t\t\t\t\t<div class=\"wd-button-wrapper text-left\" >\n\t\t\t<a class=\"btn btn-style-default btn-shape-rectangle btn-size-default btn-color-primary btn-icon-pos-right\"  href=\"https:\/\/shop.vallin.lv\/lt\/limited-time-offer\/\" target=\"_blank\">\n\t\t\t\t<span class=\"wd-btn-text\" data-elementor-setting-key=\"text\">\n\t\t\t\t\tSkaityti daugiau\t\t\t\t<\/span>\n\n\t\t\t\t\t\t\t<\/a>\n\t\t<\/div>\n\t\t\t\t\t\t\t\t\t<\/div>\n\t\t\t\t\t\t\t\t\t\t\t<\/div>\n\t\t\t\t<\/div>\n\n\t\t\t\t\t\t\t\t\t<a href=\"https:\/\/shop.vallin.lv\/lt\/limited-time-offer\/\" target=\"_blank\" class=\"wd-promo-banner-link wd-fill\" aria-label=\"Banner link\"><\/a>\n\t\t\t\t\t\t\t<\/div>\n\t\t<\/div>\n\t\t\t\t\t\t<\/div>\n\t\t\t\t<\/div>\n\t\t\t\t<div class=\"elementor-element elementor-element-70aba20 elementor-widget elementor-widget-wd_button\" data-id=\"70aba20\" data-element_type=\"widget\" data-e-type=\"widget\" data-widget_type=\"wd_button.default\">\n\t\t\t\t<div class=\"elementor-widget-container\">\n\t\t\t\t\t\t\t<div class=\"wd-button-wrapper text-center\" >\n\t\t\t<a class=\"btn btn-style-default btn-shape-rectangle btn-size-default btn-color-primary btn-icon-pos-right\"  href=\"\/lt\/produktas\/keystone-cat-6a-u-utp-white\/\">\n\t\t\t\t<span class=\"wd-btn-text\" data-elementor-setting-key=\"text\">\n\t\t\t\t\tPIRKTI DABAR\t\t\t\t<\/span>\n\n\t\t\t\t\t\t\t<\/a>\n\t\t<\/div>\n\t\t\t\t\t\t<\/div>\n\t\t\t\t<\/div>\n\t\t\t\t<\/div>\n\t\t\t\t<\/div>\n\t\t\t\t\t<\/div>\n\t\t\t\t<\/div>\n\t\t\t\t<\/div>","protected":false},"excerpt":{"rendered":"<p>Promotions Special offer on patch panels! Read more BUY NOW Limited-Time Offer: Cat.6a UTP Keystone! Read more BUY NOW<\/p>","protected":false},"author":2,"featured_media":0,"parent":0,"menu_order":0,"comment_status":"closed","ping_status":"closed","template":"","meta":{"footnotes":""},"class_list":["post-285","page","type-page","status-publish","hentry"],"_links":{"self":[{"href":"https:\/\/shop.vallin.lv\/lt\/wp-json\/wp\/v2\/pages\/285","targetHints":{"allow":["GET"]}}],"collection":[{"href":"https:\/\/shop.vallin.lv\/lt\/wp-json\/wp\/v2\/pages"}],"about":[{"href":"https:\/\/shop.vallin.lv\/lt\/wp-json\/wp\/v2\/types\/page"}],"author":[{"embeddable":true,"href":"https:\/\/shop.vallin.lv\/lt\/wp-json\/wp\/v2\/users\/2"}],"replies":[{"embeddable":true,"href":"https:\/\/shop.vallin.lv\/lt\/wp-json\/wp\/v2\/comments?post=285"}],"version-history":[{"count":27,"href":"https:\/\/shop.vallin.lv\/lt\/wp-json\/wp\/v2\/pages\/285\/revisions"}],"predecessor-version":[{"id":58540,"href":"https:\/\/shop.vallin.lv\/lt\/wp-json\/wp\/v2\/pages\/285\/revisions\/58540"}],"wp:attachment":[{"href":"https:\/\/shop.vallin.lv\/lt\/wp-json\/wp\/v2\/media?parent=285"}],"curies":[{"name":"wp","href":"https:\/\/api.w.org\/{rel}","templated":true}]}}